{"id":2544,"date":"2024-10-25T13:59:04","date_gmt":"2024-10-25T13:59:04","guid":{"rendered":"https:\/\/livar.nl\/product\/livar-pate-grof-1-2-kg\/"},"modified":"2026-04-03T14:51:24","modified_gmt":"2026-04-03T13:51:24","slug":"livar-pate-grof-1-2-kg","status":"publish","type":"product","link":"https:\/\/livar.nl\/en\/product\/livar-pate-grof-1-2-kg\/","title":{"rendered":"Livar Grove p\u00e2t\u00e9 \u2013 500 g"},"content":{"rendered":"<p>Livar coarse p\u00e2t\u00e9 is made from lean Livar meat, fresh milk and Livar pork liver. The p\u00e2t\u00e9 has a coarse, creamy texture and a lightly roasted flavour, as it is baked in the oven. Delicious as a sandwich filling or for with drinks.<\/p>\n<p>Click <a href=\"http:\/\/specs.livar.nl\/119715.pdf\" target=\"_blank\" rel=\"noopener\">here<\/a> for this item's ingredients, allergens, nutritional values and other product information.<\/p>\n<p><em>Business order? <a href=\"https:\/\/livar.nl\/en\/mijn-account\/\">Then create an account or log in<\/a> to see your price.<\/em><\/p>\n<p><strong>Shipping<\/strong><\/p>\n<p>The conditioned shipping of fresh produce results in high shipping costs. That is why we apply different rates of shipping costs. Please note that we apply a minimum order value of \u20ac75.<\/p>\n<p><em>Private orders<\/em><\/p>\n<ul>\n<li>\u20ac9.95* shipping costs for orders between \u20ac75 and \u20ac100<\/li>\n<li>Free shipping on orders from \u20ac100*<\/li>\n<\/ul>\n<p>*Prices quoted include VAT for private customers.<\/p>\n<p><em>Business orders<\/em><\/p>\n<ul>\n<li>\u20ac12.50* shipping costs for orders between \u20ac75 and \u20ac150<\/li>\n<li>Free shipping on orders from \u20ac150*<\/li>\n<\/ul>\n<p>*Said prices are exclusive of VAT for business customers.<\/p>","protected":false},"excerpt":{"rendered":"<p>Livar coarse p\u00e2t\u00e9 is made from lean Livar meat, fresh milk and Livar pork liver. The p\u00e2t\u00e9 has a coarse, creamy texture and a lightly roasted flavour, as it is baked in the oven. Delicious as a sandwich filling or for with drinks.<\/p>\n<p>Click <a href=\"http:\/\/specs.livar.nl\/119715.pdf\" target=\"_blank\" rel=\"noopener\">here<\/a> for this item's ingredients, allergens, nutritional values and other product information.<\/p>\n<p><em>Business order? <a href=\"https:\/\/livar.onlinemarketingbakery.nl\/mijn-account\/\">Then create an account or log in<\/a> to see your price.<\/em><\/p>\n<p><strong>Shipping<\/strong><\/p>\n<p>The conditioned shipping of fresh produce results in high shipping costs. That is why we apply different rates of shipping costs. Please note that we apply a minimum order value of \u20ac75.<\/p>\n<p><em>Private orders<\/em><\/p>\n<ul>\n<li>\u20ac9.95* shipping costs for orders between \u20ac75 and \u20ac100<\/li>\n<li>Free shipping on orders from \u20ac100*<\/li>\n<\/ul>\n<p>*Prices quoted include VAT for private customers.<\/p>\n<p><em>Business orders<\/em><\/p>\n<ul>\n<li>\u20ac12.50* shipping costs for orders between \u20ac75 and \u20ac150<\/li>\n<li>Free shipping on orders from \u20ac150*<\/li>\n<\/ul>\n<p>*Said prices are exclusive of VAT for business customers.<\/p>","protected":false},"featured_media":2545,"template":"","meta":{"_acf_changed":false},"product_brand":[60],"product_cat":[24,27],"product_tag":[],"class_list":{"0":"post-2544","1":"product","2":"type-product","3":"status-publish","4":"has-post-thumbnail","6":"product_brand-livar","7":"product_cat-dagelijks-livar-vlees","8":"product_cat-livar-vleeswaren-aan-stuk","10":"first","11":"instock","12":"taxable","13":"shipping-taxable","14":"purchasable","15":"product-type-simple"},"acf":[],"_links":{"self":[{"href":"https:\/\/livar.nl\/en\/wp-json\/wp\/v2\/product\/2544","targetHints":{"allow":["GET"]}}],"collection":[{"href":"https:\/\/livar.nl\/en\/wp-json\/wp\/v2\/product"}],"about":[{"href":"https:\/\/livar.nl\/en\/wp-json\/wp\/v2\/types\/product"}],"wp:featuredmedia":[{"embeddable":true,"href":"https:\/\/livar.nl\/en\/wp-json\/wp\/v2\/media\/2545"}],"wp:attachment":[{"href":"https:\/\/livar.nl\/en\/wp-json\/wp\/v2\/media?parent=2544"}],"wp:term":[{"taxonomy":"product_brand","embeddable":true,"href":"https:\/\/livar.nl\/en\/wp-json\/wp\/v2\/product_brand?post=2544"},{"taxonomy":"product_cat","embeddable":true,"href":"https:\/\/livar.nl\/en\/wp-json\/wp\/v2\/product_cat?post=2544"},{"taxonomy":"product_tag","embeddable":true,"href":"https:\/\/livar.nl\/en\/wp-json\/wp\/v2\/product_tag?post=2544"}],"curies":[{"name":"wp","href":"https:\/\/api.w.org\/{rel}","templated":true}]}}