{"id":7167,"date":"2025-09-26T15:26:15","date_gmt":"2025-09-26T14:26:15","guid":{"rendered":"https:\/\/livar.nl\/product\/livar-blk-v3-gekookte-worst-ring\/"},"modified":"2026-04-03T15:47:55","modified_gmt":"2026-04-03T14:47:55","slug":"livar-blk-v3-gekookte-worst-ring","status":"publish","type":"product","link":"https:\/\/livar.nl\/de\/produkt\/livar-blk-v3-gekookte-worst-ring\/","title":{"rendered":"Gekochte Ringwurst von Livar \u2013 1,3 kg"},"content":{"rendered":"<p class=\"x_MsoNormal\" data-olk-copy-source=\"MessageBody\">Die gekochte Ringwurst wird aus magerem Schulter- und Schinkenfleisch vom Livar-Schwein hergestellt. Die Wurst wird in Ringform gekocht und leicht ger\u00e4uchert. Das Ergebnis ist ein k\u00f6stliches Fleischprodukt, das auf Brot oder zu Getr\u00e4nken passt.<\/p>\n<p>Klicken Sie auf <a href=\"http:\/\/specs.livar.nl\/119442.pdf\" target=\"_blank\" rel=\"noopener\">hier<\/a> f\u00fcr die Zutaten, Allergene, N\u00e4hrwerte und andere Produktinformationen dieses Artikels.<\/p>\n<p class=\"x_MsoNormal\"><i>Gesch\u00e4ftliche Bestellung?\u00a0<a title=\"https:\/\/livar.nl\/mijn-account\/\" href=\"https:\/\/livar.nl\/de\/mijn-account\/\" data-auth=\"NotApplicable\" data-linkindex=\"2\">Dann erstellen Sie ein Konto oder melden Sie sich an<\/a>\u00a0um Ihren Preis zu sehen.<\/i><\/p>\n<p><strong>Versand<\/strong><\/p>\n<p>Der konditionierte Versand von Frischwaren verursacht hohe Versandkosten. Aus diesem Grund berechnen wir unterschiedliche Versandkosten. Bitte beachten Sie, dass wir einen Mindestbestellwert von 75 \u20ac ansetzen.<\/p>\n<p><em>Private Auftr\u00e4ge<\/em><\/p>\n<ul>\n<li>9,95 \u20ac* Versandkosten f\u00fcr Bestellungen zwischen 75 \u20ac und 100 \u20ac.<\/li>\n<li>Kostenloser Versand bei Bestellungen ab 100 \u20ac*<\/li>\n<\/ul>\n<p>*Die angegebenen Preise enthalten die Mehrwertsteuer f\u00fcr Privatkunden.<\/p>\n<p><em>Gesch\u00e4ftliche Auftr\u00e4ge<\/em><\/p>\n<ul>\n<li>12,50 \u20ac* Versandkosten f\u00fcr Bestellungen zwischen 75 \u20ac und 150 \u20ac.<\/li>\n<li>Kostenloser Versand bei Bestellungen ab 150 \u20ac*<\/li>\n<\/ul>\n<p>*Die Preise verstehen sich f\u00fcr Gesch\u00e4ftskunden ohne Mehrwertsteuer.<\/p>","protected":false},"excerpt":{"rendered":"<p class=\"x_MsoNormal\" data-olk-copy-source=\"MessageBody\">Die gekochte Ringwurst wird aus magerem Schulter- und Schinkenfleisch vom Livar-Schwein hergestellt. Die Wurst wird in Ringform gekocht und leicht ger\u00e4uchert. Das Ergebnis ist ein k\u00f6stliches Fleischprodukt, das auf Brot oder zu Getr\u00e4nken passt.<\/p>\n<p>Klicken Sie auf <a href=\"http:\/\/specs.livar.nl\/119442.pdf\" target=\"_blank\" rel=\"noopener\">hier<\/a> f\u00fcr die Zutaten, Allergene, N\u00e4hrwerte und andere Produktinformationen dieses Artikels.<\/p>\n<p class=\"x_MsoNormal\"><i>Gesch\u00e4ftliche Bestellung?\u00a0<a title=\"https:\/\/livar.onlinemarketingbakery.nl\/mijn-account\/\" href=\"https:\/\/livar.onlinemarketingbakery.nl\/mijn-account\/\" data-auth=\"NotApplicable\" data-linkindex=\"2\">Dann erstellen Sie ein Konto oder melden Sie sich an<\/a>\u00a0um Ihren Preis zu sehen.<\/i><\/p>\n<p><strong>Versand<\/strong><\/p>\n<p>Der konditionierte Versand von Frischwaren verursacht hohe Versandkosten. Aus diesem Grund berechnen wir unterschiedliche Versandkosten. Bitte beachten Sie, dass wir einen Mindestbestellwert von 75 \u20ac ansetzen.<\/p>\n<p><em>Private Auftr\u00e4ge<\/em><\/p>\n<ul>\n<li>9,95 \u20ac* Versandkosten f\u00fcr Bestellungen zwischen 75 \u20ac und 100 \u20ac.<\/li>\n<li>Kostenloser Versand bei Bestellungen ab 100 \u20ac*<\/li>\n<\/ul>\n<p>*Die angegebenen Preise enthalten die Mehrwertsteuer f\u00fcr Privatkunden.<\/p>\n<p><em>Gesch\u00e4ftliche Auftr\u00e4ge<\/em><\/p>\n<ul>\n<li>12,50 \u20ac* Versandkosten f\u00fcr Bestellungen zwischen 75 \u20ac und 150 \u20ac.<\/li>\n<li>Kostenloser Versand bei Bestellungen ab 150 \u20ac*<\/li>\n<\/ul>\n<p>*Die Preise verstehen sich f\u00fcr Gesch\u00e4ftskunden ohne Mehrwertsteuer.<\/p>","protected":false},"featured_media":7168,"template":"","meta":{"_acf_changed":false},"product_brand":[60],"product_cat":[27],"product_tag":[],"class_list":{"0":"post-7167","1":"product","2":"type-product","3":"status-publish","4":"has-post-thumbnail","6":"product_brand-livar","7":"product_cat-livar-vleeswaren-aan-stuk","9":"first","10":"instock","11":"taxable","12":"shipping-taxable","13":"purchasable","14":"product-type-simple"},"acf":[],"_links":{"self":[{"href":"https:\/\/livar.nl\/de\/wp-json\/wp\/v2\/product\/7167","targetHints":{"allow":["GET"]}}],"collection":[{"href":"https:\/\/livar.nl\/de\/wp-json\/wp\/v2\/product"}],"about":[{"href":"https:\/\/livar.nl\/de\/wp-json\/wp\/v2\/types\/product"}],"wp:featuredmedia":[{"embeddable":true,"href":"https:\/\/livar.nl\/de\/wp-json\/wp\/v2\/media\/7168"}],"wp:attachment":[{"href":"https:\/\/livar.nl\/de\/wp-json\/wp\/v2\/media?parent=7167"}],"wp:term":[{"taxonomy":"product_brand","embeddable":true,"href":"https:\/\/livar.nl\/de\/wp-json\/wp\/v2\/product_brand?post=7167"},{"taxonomy":"product_cat","embeddable":true,"href":"https:\/\/livar.nl\/de\/wp-json\/wp\/v2\/product_cat?post=7167"},{"taxonomy":"product_tag","embeddable":true,"href":"https:\/\/livar.nl\/de\/wp-json\/wp\/v2\/product_tag?post=7167"}],"curies":[{"name":"wp","href":"https:\/\/api.w.org\/{rel}","templated":true}]}}