{"id":4733,"date":"2024-11-13T15:46:11","date_gmt":"2024-11-13T14:46:11","guid":{"rendered":"https:\/\/livar.nl\/product\/livar-boerenschouderham-gerookt-1-2\/"},"modified":"2026-04-03T15:31:09","modified_gmt":"2026-04-03T14:31:09","slug":"livar-boerenschouderham-gerookt-1-2","status":"publish","type":"product","link":"https:\/\/livar.nl\/de\/produkt\/livar-boerenschouderham-gerookt-1-2\/","title":{"rendered":"Livar ger\u00e4ucherter Bauernschinkenspeer \u2013 2,5 kg"},"content":{"rendered":"<p>Der ger\u00e4ucherte Bauernschinken wird aus der marmorierten Schulter des Livar-Schweins hergestellt. Er wird traditionell am Seil gezogen, \u00fcber Buchenholz leicht ger\u00e4uchert und langsam gegart. Ger\u00e4ucherter Bauernschinken hat einen milden Geschmack mit einer leichten Rauchnote und wird daher oft als Brotaufstrich oder in Kombination mit Spargel verwendet.<\/p>\n<p>Klicken Sie auf <a href=\"http:\/\/specs.livar.nl\/111230.pdf\" target=\"_blank\" rel=\"noopener\">hier<\/a> f\u00fcr die Zutaten, Allergene, N\u00e4hrwerte und andere Produktinformationen dieses Artikels.<\/p>\n<p><em>Gesch\u00e4ftliche Bestellung? <a href=\"https:\/\/livar.nl\/de\/mijn-account\/\">Dann erstellen Sie ein Konto oder melden Sie sich an<\/a> um Ihren Preis zu sehen.<\/em><\/p>\n<p><strong>Versand<\/strong><\/p>\n<p>Der konditionierte Versand von Frischwaren verursacht hohe Versandkosten. Aus diesem Grund berechnen wir unterschiedliche Versandkosten. Bitte beachten Sie, dass wir einen Mindestbestellwert von 75 \u20ac ansetzen.<\/p>\n<p><em>Private Auftr\u00e4ge<\/em><\/p>\n<ul>\n<li>9,95 \u20ac* Versandkosten f\u00fcr Bestellungen zwischen 75 \u20ac und 100 \u20ac.<\/li>\n<li>Kostenloser Versand bei Bestellungen ab 100 \u20ac*<\/li>\n<\/ul>\n<p>*Die angegebenen Preise enthalten die Mehrwertsteuer f\u00fcr Privatkunden.<\/p>\n<p><em>Gesch\u00e4ftliche Auftr\u00e4ge<\/em><\/p>\n<ul>\n<li>12,50 \u20ac* Versandkosten f\u00fcr Bestellungen zwischen 75 \u20ac und 150 \u20ac.<\/li>\n<li>Kostenloser Versand bei Bestellungen ab 150 \u20ac*<\/li>\n<\/ul>\n<p>*Die Preise verstehen sich f\u00fcr Gesch\u00e4ftskunden ohne Mehrwertsteuer.<\/p>","protected":false},"excerpt":{"rendered":"<p>Der ger\u00e4ucherte Bauernschinken wird aus der marmorierten Schulter des Livar-Schweins hergestellt. Er wird traditionell am Seil gezogen, \u00fcber Buchenholz leicht ger\u00e4uchert und langsam gegart. Ger\u00e4ucherter Bauernschinken hat einen milden Geschmack mit einer leichten Rauchnote und wird daher oft als Brotaufstrich oder in Kombination mit Spargel verwendet.<\/p>\n<p>Klicken Sie auf <a href=\"http:\/\/specs.livar.nl\/111230.pdf\" target=\"_blank\" rel=\"noopener\">hier<\/a> f\u00fcr die Zutaten, Allergene, N\u00e4hrwerte und andere Produktinformationen dieses Artikels.<\/p>\n<p><em>Gesch\u00e4ftliche Bestellung? <a href=\"https:\/\/livar.onlinemarketingbakery.nl\/mijn-account\/\">Dann erstellen Sie ein Konto oder melden Sie sich an<\/a> um Ihren Preis zu sehen.<\/em><\/p>\n<p><strong>Versand<\/strong><\/p>\n<p>Der konditionierte Versand von Frischwaren verursacht hohe Versandkosten. Aus diesem Grund berechnen wir unterschiedliche Versandkosten. Bitte beachten Sie, dass wir einen Mindestbestellwert von 75 \u20ac ansetzen.<\/p>\n<p><em>Private Auftr\u00e4ge<\/em><\/p>\n<ul>\n<li>9,95 \u20ac* Versandkosten f\u00fcr Bestellungen zwischen 75 \u20ac und 100 \u20ac.<\/li>\n<li>Kostenloser Versand bei Bestellungen ab 100 \u20ac*<\/li>\n<\/ul>\n<p>*Die angegebenen Preise enthalten die Mehrwertsteuer f\u00fcr Privatkunden.<\/p>\n<p><em>Gesch\u00e4ftliche Auftr\u00e4ge<\/em><\/p>\n<ul>\n<li>12,50 \u20ac* Versandkosten f\u00fcr Bestellungen zwischen 75 \u20ac und 150 \u20ac.<\/li>\n<li>Kostenloser Versand bei Bestellungen ab 150 \u20ac*<\/li>\n<\/ul>\n<p>*Die Preise verstehen sich f\u00fcr Gesch\u00e4ftskunden ohne Mehrwertsteuer.<\/p>","protected":false},"featured_media":4734,"template":"","meta":{"_acf_changed":false},"product_brand":[60],"product_cat":[27],"product_tag":[],"class_list":{"0":"post-4733","1":"product","2":"type-product","3":"status-publish","4":"has-post-thumbnail","6":"product_brand-livar","7":"product_cat-livar-vleeswaren-aan-stuk","9":"first","10":"instock","11":"taxable","12":"shipping-taxable","13":"purchasable","14":"product-type-simple"},"acf":[],"_links":{"self":[{"href":"https:\/\/livar.nl\/de\/wp-json\/wp\/v2\/product\/4733","targetHints":{"allow":["GET"]}}],"collection":[{"href":"https:\/\/livar.nl\/de\/wp-json\/wp\/v2\/product"}],"about":[{"href":"https:\/\/livar.nl\/de\/wp-json\/wp\/v2\/types\/product"}],"wp:featuredmedia":[{"embeddable":true,"href":"https:\/\/livar.nl\/de\/wp-json\/wp\/v2\/media\/4734"}],"wp:attachment":[{"href":"https:\/\/livar.nl\/de\/wp-json\/wp\/v2\/media?parent=4733"}],"wp:term":[{"taxonomy":"product_brand","embeddable":true,"href":"https:\/\/livar.nl\/de\/wp-json\/wp\/v2\/product_brand?post=4733"},{"taxonomy":"product_cat","embeddable":true,"href":"https:\/\/livar.nl\/de\/wp-json\/wp\/v2\/product_cat?post=4733"},{"taxonomy":"product_tag","embeddable":true,"href":"https:\/\/livar.nl\/de\/wp-json\/wp\/v2\/product_tag?post=4733"}],"curies":[{"name":"wp","href":"https:\/\/api.w.org\/{rel}","templated":true}]}}