{"id":4232,"date":"2024-11-06T16:23:17","date_gmt":"2024-11-06T15:23:17","guid":{"rendered":"https:\/\/livar.nl\/product\/livar-tomahawk-1\/"},"modified":"2026-04-03T15:28:42","modified_gmt":"2026-04-03T14:28:42","slug":"livar-tomahawk-1","status":"publish","type":"product","link":"https:\/\/livar.nl\/de\/produkt\/livar-tomahawk-1\/","title":{"rendered":"Rinderfilet Tomahawk \u2013 400 g"},"content":{"rendered":"<p>Der Livar-Tomahawk wird aus dem kulinarischen R\u00fccken des Livar-Schweins geschnitten. Er wird aus dem R\u00fccken des Livar-Schweins gewonnen. Ein k\u00f6stliches, zartes und sch\u00f6n marmoriertes St\u00fcck, das durch den \"Griff\" besonders eindrucksvoll f\u00fcr den Grill ist.<\/p>\n<p>Klicken Sie auf <a href=\"http:\/\/specs.livar.nl\/102221.pdf\" target=\"_blank\" rel=\"noopener\">hier<\/a> f\u00fcr die Zutaten, Allergene, N\u00e4hrwerte und andere Produktinformationen dieses Artikels.<\/p>\n<p><em>Gesch\u00e4ftliche Bestellung? <a href=\"https:\/\/livar.nl\/de\/mijn-account\/\">Dann erstellen Sie ein Konto oder melden Sie sich an<\/a> um Ihren Preis zu sehen.<\/em><\/p>\n<p><strong>Versand<\/strong><\/p>\n<p>Der konditionierte Versand von Frischwaren verursacht hohe Versandkosten. Aus diesem Grund berechnen wir unterschiedliche Versandkosten. Bitte beachten Sie, dass wir einen Mindestbestellwert von 75 \u20ac ansetzen.<\/p>\n<p><em>Private Auftr\u00e4ge<\/em><\/p>\n<ul>\n<li>9,95 \u20ac* Versandkosten f\u00fcr Bestellungen zwischen 75 \u20ac und 100 \u20ac.<\/li>\n<li>Kostenloser Versand bei Bestellungen ab 100 \u20ac*<\/li>\n<\/ul>\n<p>*Die angegebenen Preise enthalten die Mehrwertsteuer f\u00fcr Privatkunden.<\/p>\n<p><em>Gesch\u00e4ftliche Auftr\u00e4ge<\/em><\/p>\n<ul>\n<li>12,50 \u20ac* Versandkosten f\u00fcr Bestellungen zwischen 75 \u20ac und 150 \u20ac.<\/li>\n<li>Kostenloser Versand bei Bestellungen ab 150 \u20ac*<\/li>\n<\/ul>\n<p>*Die Preise verstehen sich f\u00fcr Gesch\u00e4ftskunden ohne Mehrwertsteuer.<\/p>","protected":false},"excerpt":{"rendered":"<p>Der Livar-Tomahawk wird aus dem kulinarischen R\u00fccken des Livar-Schweins geschnitten. Er wird aus dem R\u00fccken des Livar-Schweins gewonnen. Ein k\u00f6stliches, zartes und sch\u00f6n marmoriertes St\u00fcck, das durch den \"Griff\" besonders eindrucksvoll f\u00fcr den Grill ist.<\/p>\n<p>Klicken Sie auf <a href=\"http:\/\/specs.livar.nl\/102221.pdf\" target=\"_blank\" rel=\"noopener\">hier<\/a> f\u00fcr die Zutaten, Allergene, N\u00e4hrwerte und andere Produktinformationen dieses Artikels.<\/p>\n<p><em>Gesch\u00e4ftliche Bestellung? <a href=\"https:\/\/livar.onlinemarketingbakery.nl\/mijn-account\/\">Dann erstellen Sie ein Konto oder melden Sie sich an<\/a> um Ihren Preis zu sehen.<\/em><\/p>\n<p><strong>Versand<\/strong><\/p>\n<p>Der konditionierte Versand von Frischwaren verursacht hohe Versandkosten. Aus diesem Grund berechnen wir unterschiedliche Versandkosten. Bitte beachten Sie, dass wir einen Mindestbestellwert von 75 \u20ac ansetzen.<\/p>\n<p><em>Private Auftr\u00e4ge<\/em><\/p>\n<ul>\n<li>9,95 \u20ac* Versandkosten f\u00fcr Bestellungen zwischen 75 \u20ac und 100 \u20ac.<\/li>\n<li>Kostenloser Versand bei Bestellungen ab 100 \u20ac*<\/li>\n<\/ul>\n<p>*Die angegebenen Preise enthalten die Mehrwertsteuer f\u00fcr Privatkunden.<\/p>\n<p><em>Gesch\u00e4ftliche Auftr\u00e4ge<\/em><\/p>\n<ul>\n<li>12,50 \u20ac* Versandkosten f\u00fcr Bestellungen zwischen 75 \u20ac und 150 \u20ac.<\/li>\n<li>Kostenloser Versand bei Bestellungen ab 150 \u20ac*<\/li>\n<\/ul>\n<p>*Die Preise verstehen sich f\u00fcr Gesch\u00e4ftskunden ohne Mehrwertsteuer.<\/p>","protected":false},"featured_media":4233,"template":"","meta":{"_acf_changed":false},"product_brand":[60],"product_cat":[24,25],"product_tag":[],"class_list":{"0":"post-4232","1":"product","2":"type-product","3":"status-publish","4":"has-post-thumbnail","6":"product_brand-livar","7":"product_cat-dagelijks-livar-vlees","8":"product_cat-groot-livar-vlees","10":"first","11":"instock","12":"taxable","13":"shipping-taxable","14":"purchasable","15":"product-type-simple"},"acf":[],"_links":{"self":[{"href":"https:\/\/livar.nl\/de\/wp-json\/wp\/v2\/product\/4232","targetHints":{"allow":["GET"]}}],"collection":[{"href":"https:\/\/livar.nl\/de\/wp-json\/wp\/v2\/product"}],"about":[{"href":"https:\/\/livar.nl\/de\/wp-json\/wp\/v2\/types\/product"}],"wp:featuredmedia":[{"embeddable":true,"href":"https:\/\/livar.nl\/de\/wp-json\/wp\/v2\/media\/4233"}],"wp:attachment":[{"href":"https:\/\/livar.nl\/de\/wp-json\/wp\/v2\/media?parent=4232"}],"wp:term":[{"taxonomy":"product_brand","embeddable":true,"href":"https:\/\/livar.nl\/de\/wp-json\/wp\/v2\/product_brand?post=4232"},{"taxonomy":"product_cat","embeddable":true,"href":"https:\/\/livar.nl\/de\/wp-json\/wp\/v2\/product_cat?post=4232"},{"taxonomy":"product_tag","embeddable":true,"href":"https:\/\/livar.nl\/de\/wp-json\/wp\/v2\/product_tag?post=4232"}],"curies":[{"name":"wp","href":"https:\/\/api.w.org\/{rel}","templated":true}]}}