{"id":2556,"date":"2024-10-25T14:00:53","date_gmt":"2024-10-25T14:00:53","guid":{"rendered":"https:\/\/livar.nl\/product\/livar-limburgs-katenspek\/"},"modified":"2026-04-22T09:31:01","modified_gmt":"2026-04-22T08:31:01","slug":"livar-limburgs-katenspek","status":"publish","type":"product","link":"https:\/\/livar.nl\/de\/produkt\/livar-limburgs-katenspek\/","title":{"rendered":"Livar Limburger Katenspeck \u2013 1,5 kg"},"content":{"rendered":"<p>Der Limburgs Katenspek wird aus einem wundersch\u00f6n marmorierten Bauchspeckst\u00fcck vom Livar-Schwein hergestellt. Dieses wird zuerst gew\u00fcrzt und gesalzen und anschlie\u00dfend ger\u00e4uchert und abgebaken. Der Katenspek ist an seinem warmen, w\u00fcrzigen Geschmack zu erkennen und wird oft in einem winterlichen Stampfgericht verarbeitet oder mit Roggenbrot zur Erbsensuppe serviert.<\/p>\n<p>Klicken Sie auf <a href=\"http:\/\/specs.livar.nl\/112420.pdf\" target=\"_blank\" rel=\"noopener\">hier<\/a> f\u00fcr die Zutaten, Allergene, N\u00e4hrwerte und andere Produktinformationen dieses Artikels.<\/p>\n<p><em>Gesch\u00e4ftliche Bestellung? <a href=\"https:\/\/livar.nl\/de\/mijn-account\/\">Dann erstellen Sie ein Konto oder melden Sie sich an<\/a> um Ihren Preis zu sehen.<\/em><\/p>\n<p><strong>Versand<\/strong><\/p>\n<p>Der konditionierte Versand von Frischwaren verursacht hohe Versandkosten. Aus diesem Grund berechnen wir unterschiedliche Versandkosten. Bitte beachten Sie, dass wir einen Mindestbestellwert von 75 \u20ac ansetzen.<\/p>\n<p><em>Private Auftr\u00e4ge<\/em><\/p>\n<ul>\n<li>9,95 \u20ac* Versandkosten f\u00fcr Bestellungen zwischen 75 \u20ac und 100 \u20ac.<\/li>\n<li>Kostenloser Versand bei Bestellungen ab 100 \u20ac*<\/li>\n<\/ul>\n<p>*Die angegebenen Preise enthalten die Mehrwertsteuer f\u00fcr Privatkunden.<\/p>\n<p><em>Gesch\u00e4ftliche Auftr\u00e4ge<\/em><\/p>\n<ul>\n<li>12,50 \u20ac* Versandkosten f\u00fcr Bestellungen zwischen 75 \u20ac und 150 \u20ac.<\/li>\n<li>Kostenloser Versand bei Bestellungen ab 150 \u20ac*<\/li>\n<\/ul>\n<p>*Die Preise verstehen sich f\u00fcr Gesch\u00e4ftskunden ohne Mehrwertsteuer.<\/p>","protected":false},"excerpt":{"rendered":"<p>Der Limburgs Katenspek wird aus einem wundersch\u00f6n marmorierten Bauchspeckst\u00fcck vom Livar-Schwein hergestellt. Dieses wird zuerst gew\u00fcrzt und gesalzen und anschlie\u00dfend ger\u00e4uchert und abgebaken. Der Katenspek ist an seinem warmen, w\u00fcrzigen Geschmack zu erkennen und wird oft in einem winterlichen Stampfgericht verarbeitet oder mit Roggenbrot zur Erbsensuppe serviert.<\/p>\n<p>Klicken Sie auf <a href=\"http:\/\/specs.livar.nl\/112420.pdf\" target=\"_blank\" rel=\"noopener\">hier<\/a> f\u00fcr die Zutaten, Allergene, N\u00e4hrwerte und andere Produktinformationen dieses Artikels.<\/p>\n<p><em>Gesch\u00e4ftliche Bestellung? <a href=\"https:\/\/livar.onlinemarketingbakery.nl\/mijn-account\/\">Dann erstellen Sie ein Konto oder melden Sie sich an<\/a> um Ihren Preis zu sehen.<\/em><\/p>\n<p><strong>Versand<\/strong><\/p>\n<p>Der konditionierte Versand von Frischwaren verursacht hohe Versandkosten. Aus diesem Grund berechnen wir unterschiedliche Versandkosten. Bitte beachten Sie, dass wir einen Mindestbestellwert von 75 \u20ac ansetzen.<\/p>\n<p><em>Private Auftr\u00e4ge<\/em><\/p>\n<ul>\n<li>9,95 \u20ac* Versandkosten f\u00fcr Bestellungen zwischen 75 \u20ac und 100 \u20ac.<\/li>\n<li>Kostenloser Versand bei Bestellungen ab 100 \u20ac*<\/li>\n<\/ul>\n<p>*Die angegebenen Preise enthalten die Mehrwertsteuer f\u00fcr Privatkunden.<\/p>\n<p><em>Gesch\u00e4ftliche Auftr\u00e4ge<\/em><\/p>\n<ul>\n<li>12,50 \u20ac* Versandkosten f\u00fcr Bestellungen zwischen 75 \u20ac und 150 \u20ac.<\/li>\n<li>Kostenloser Versand bei Bestellungen ab 150 \u20ac*<\/li>\n<\/ul>\n<p>*Die Preise verstehen sich f\u00fcr Gesch\u00e4ftskunden ohne Mehrwertsteuer.<\/p>","protected":false},"featured_media":2557,"template":"","meta":{"_acf_changed":false},"product_brand":[60],"product_cat":[27],"product_tag":[],"class_list":{"0":"post-2556","1":"product","2":"type-product","3":"status-publish","4":"has-post-thumbnail","6":"product_brand-livar","7":"product_cat-livar-vleeswaren-aan-stuk","9":"first","10":"instock","11":"taxable","12":"shipping-taxable","13":"purchasable","14":"product-type-simple"},"acf":[],"_links":{"self":[{"href":"https:\/\/livar.nl\/de\/wp-json\/wp\/v2\/product\/2556","targetHints":{"allow":["GET"]}}],"collection":[{"href":"https:\/\/livar.nl\/de\/wp-json\/wp\/v2\/product"}],"about":[{"href":"https:\/\/livar.nl\/de\/wp-json\/wp\/v2\/types\/product"}],"wp:featuredmedia":[{"embeddable":true,"href":"https:\/\/livar.nl\/de\/wp-json\/wp\/v2\/media\/2557"}],"wp:attachment":[{"href":"https:\/\/livar.nl\/de\/wp-json\/wp\/v2\/media?parent=2556"}],"wp:term":[{"taxonomy":"product_brand","embeddable":true,"href":"https:\/\/livar.nl\/de\/wp-json\/wp\/v2\/product_brand?post=2556"},{"taxonomy":"product_cat","embeddable":true,"href":"https:\/\/livar.nl\/de\/wp-json\/wp\/v2\/product_cat?post=2556"},{"taxonomy":"product_tag","embeddable":true,"href":"https:\/\/livar.nl\/de\/wp-json\/wp\/v2\/product_tag?post=2556"}],"curies":[{"name":"wp","href":"https:\/\/api.w.org\/{rel}","templated":true}]}}