{"id":2512,"date":"2024-10-25T13:48:58","date_gmt":"2024-10-25T13:48:58","guid":{"rendered":"https:\/\/livar.nl\/product\/livar-spekblokjes-gerookt-500gr-zav\/"},"modified":"2026-04-03T14:26:26","modified_gmt":"2026-04-03T13:26:26","slug":"livar-spekblokjes-gerookt-500gr-zav","status":"publish","type":"product","link":"https:\/\/livar.nl\/de\/produkt\/livar-spekblokjes-gerookt-500gr-zav\/","title":{"rendered":"Livar Ger\u00e4ucherter Speckw\u00fcrfel \u2013 500 g"},"content":{"rendered":"<p>Livar-R\u00e4ucherspeckw\u00fcrfel werden aus dem sch\u00f6n marmorierten Bauchspeck und Schinkenfleisch des Livar-Schweins hergestellt. Das Fleisch wird trocken gesalzen, getrocknet und traditionell \u00fcber Buchenholz ger\u00e4uchert. Das Ergebnis sind sehr zarte Speckw\u00fcrfel mit einem vollen Rauchgeschmack. K\u00f6stlich mit einem Ei, in einem Eintopf oder in Sauerkraut.<\/p>\n<p>Klicken Sie auf <a href=\"http:\/\/specs.livar.nl\/112250.pdf\" target=\"_blank\" rel=\"noopener\">hier<\/a> f\u00fcr die Zutaten, Allergene, N\u00e4hrwerte und andere Produktinformationen dieses Artikels.<\/p>\n<p><em>Gesch\u00e4ftliche Bestellung? <a href=\"https:\/\/livar.nl\/de\/mijn-account\/\">Dann erstellen Sie ein Konto oder melden Sie sich an<\/a> um Ihren Preis zu sehen.<\/em><\/p>\n<p><strong>Versand<\/strong><\/p>\n<p>Der konditionierte Versand von Frischwaren verursacht hohe Versandkosten. Aus diesem Grund berechnen wir unterschiedliche Versandkosten. Bitte beachten Sie, dass wir einen Mindestbestellwert von 75 \u20ac ansetzen.<\/p>\n<p><em>Private Auftr\u00e4ge<\/em><\/p>\n<ul>\n<li>9,95 \u20ac* Versandkosten f\u00fcr Bestellungen zwischen 75 \u20ac und 100 \u20ac.<\/li>\n<li>Kostenloser Versand bei Bestellungen ab 100 \u20ac*<\/li>\n<\/ul>\n<p>*Die angegebenen Preise enthalten die Mehrwertsteuer f\u00fcr Privatkunden.<\/p>\n<p><em>Gesch\u00e4ftliche Auftr\u00e4ge<\/em><\/p>\n<ul>\n<li>12,50 \u20ac* Versandkosten f\u00fcr Bestellungen zwischen 75 \u20ac und 150 \u20ac.<\/li>\n<li>Kostenloser Versand bei Bestellungen ab 150 \u20ac*<\/li>\n<\/ul>\n<p>*Die Preise verstehen sich f\u00fcr Gesch\u00e4ftskunden ohne Mehrwertsteuer.<\/p>","protected":false},"excerpt":{"rendered":"<p>Livar-R\u00e4ucherspeckw\u00fcrfel werden aus dem sch\u00f6n marmorierten Bauchspeck und Schinkenfleisch des Livar-Schweins hergestellt. Das Fleisch wird trocken gesalzen, getrocknet und traditionell \u00fcber Buchenholz ger\u00e4uchert. Das Ergebnis sind sehr zarte Speckw\u00fcrfel mit einem vollen Rauchgeschmack. K\u00f6stlich mit einem Ei, in einem Eintopf oder in Sauerkraut.<\/p>\n<p>Klicken Sie auf <a href=\"http:\/\/specs.livar.nl\/112250.pdf\" target=\"_blank\" rel=\"noopener\">hier<\/a> f\u00fcr die Zutaten, Allergene, N\u00e4hrwerte und andere Produktinformationen dieses Artikels.<\/p>\n<p><em>Gesch\u00e4ftliche Bestellung? <a href=\"https:\/\/livar.onlinemarketingbakery.nl\/mijn-account\/\">Dann erstellen Sie ein Konto oder melden Sie sich an<\/a> um Ihren Preis zu sehen.<\/em><\/p>\n<p><strong>Versand<\/strong><\/p>\n<p>Der konditionierte Versand von Frischwaren verursacht hohe Versandkosten. Aus diesem Grund berechnen wir unterschiedliche Versandkosten. Bitte beachten Sie, dass wir einen Mindestbestellwert von 75 \u20ac ansetzen.<\/p>\n<p><em>Private Auftr\u00e4ge<\/em><\/p>\n<ul>\n<li>9,95 \u20ac* Versandkosten f\u00fcr Bestellungen zwischen 75 \u20ac und 100 \u20ac.<\/li>\n<li>Kostenloser Versand bei Bestellungen ab 100 \u20ac*<\/li>\n<\/ul>\n<p>*Die angegebenen Preise enthalten die Mehrwertsteuer f\u00fcr Privatkunden.<\/p>\n<p><em>Gesch\u00e4ftliche Auftr\u00e4ge<\/em><\/p>\n<ul>\n<li>12,50 \u20ac* Versandkosten f\u00fcr Bestellungen zwischen 75 \u20ac und 150 \u20ac.<\/li>\n<li>Kostenloser Versand bei Bestellungen ab 150 \u20ac*<\/li>\n<\/ul>\n<p>*Die Preise verstehen sich f\u00fcr Gesch\u00e4ftskunden ohne Mehrwertsteuer.<\/p>","protected":false},"featured_media":2513,"template":"","meta":{"_acf_changed":false},"product_brand":[60],"product_cat":[24,26],"product_tag":[],"class_list":{"0":"post-2512","1":"product","2":"type-product","3":"status-publish","4":"has-post-thumbnail","6":"product_brand-livar","7":"product_cat-dagelijks-livar-vlees","8":"product_cat-livar-charcuterie","10":"first","11":"instock","12":"taxable","13":"shipping-taxable","14":"purchasable","15":"product-type-simple"},"acf":[],"_links":{"self":[{"href":"https:\/\/livar.nl\/de\/wp-json\/wp\/v2\/product\/2512","targetHints":{"allow":["GET"]}}],"collection":[{"href":"https:\/\/livar.nl\/de\/wp-json\/wp\/v2\/product"}],"about":[{"href":"https:\/\/livar.nl\/de\/wp-json\/wp\/v2\/types\/product"}],"wp:featuredmedia":[{"embeddable":true,"href":"https:\/\/livar.nl\/de\/wp-json\/wp\/v2\/media\/2513"}],"wp:attachment":[{"href":"https:\/\/livar.nl\/de\/wp-json\/wp\/v2\/media?parent=2512"}],"wp:term":[{"taxonomy":"product_brand","embeddable":true,"href":"https:\/\/livar.nl\/de\/wp-json\/wp\/v2\/product_brand?post=2512"},{"taxonomy":"product_cat","embeddable":true,"href":"https:\/\/livar.nl\/de\/wp-json\/wp\/v2\/product_cat?post=2512"},{"taxonomy":"product_tag","embeddable":true,"href":"https:\/\/livar.nl\/de\/wp-json\/wp\/v2\/product_tag?post=2512"}],"curies":[{"name":"wp","href":"https:\/\/api.w.org\/{rel}","templated":true}]}}