{"id":886,"date":"2024-08-26T19:34:23","date_gmt":"2024-08-26T19:34:23","guid":{"rendered":"https:\/\/livar.nl\/?page_id=886"},"modified":"2025-07-14T15:09:53","modified_gmt":"2025-07-14T14:09:53","slug":"hier-staan-wij-voor","status":"publish","type":"page","link":"https:\/\/livar.nl\/de\/hier-staan-wij-voor\/","title":{"rendered":"Das ist es, wof\u00fcr wir stehen"},"content":{"rendered":"<div data-elementor-type=\"wp-page\" data-elementor-id=\"886\" class=\"elementor elementor-886\" data-elementor-post-type=\"page\">\n\t\t\t\t<div class=\"elementor-element elementor-element-c4a8c9a e-flex e-con-boxed e-con e-parent\" data-id=\"c4a8c9a\" data-element_type=\"container\" data-e-type=\"container\" data-settings=\"{&quot;background_background&quot;:&quot;video&quot;,&quot;background_video_link&quot;:&quot;https:\\\/\\\/youtu.be\\\/TQ_ZUDfhnds&quot;,&quot;background_video_start&quot;:1,&quot;background_play_on_mobile&quot;:&quot;yes&quot;,&quot;background_video_end&quot;:41}\">\n\t\t\t\t\t<div class=\"e-con-inner\">\n\t\t<div class=\"elementor-background-video-container\">\n\t\t\t\t\t\t\t<div class=\"elementor-background-video-embed\" role=\"presentation\"><\/div>\n\t\t\t\t\t\t<\/div>\t\t<div class=\"elementor-element elementor-element-e642e26 elementor-widget__width-initial elementor-widget elementor-widget-heading\" data-id=\"e642e26\" data-element_type=\"widget\" data-e-type=\"widget\" data-widget_type=\"heading.default\">\n\t\t\t\t<div class=\"elementor-widget-container\">\n\t\t\t\t\t<h1 class=\"elementor-heading-title elementor-size-default\">Das ist es, wof\u00fcr wir stehen<\/h1>\t\t\t\t<\/div>\n\t\t\t\t<\/div>\n\t\t\t\t<div class=\"elementor-element elementor-element-33ab9a2 elementor-widget elementor-widget-spacer\" data-id=\"33ab9a2\" data-element_type=\"widget\" data-e-type=\"widget\" data-widget_type=\"spacer.default\">\n\t\t\t\t<div class=\"elementor-widget-container\">\n\t\t\t\t\t\t\t<div class=\"elementor-spacer\">\n\t\t\t<div class=\"elementor-spacer-inner\"><\/div>\n\t\t<\/div>\n\t\t\t\t\t\t<\/div>\n\t\t\t\t<\/div>\n\t\t\t\t\t<\/div>\n\t\t\t\t<\/div>\n\t\t<div class=\"elementor-element elementor-element-15ffecf e-flex e-con-boxed elementor-invisible e-con e-parent\" data-id=\"15ffecf\" data-element_type=\"container\" data-e-type=\"container\" data-settings=\"{&quot;animation&quot;:&quot;fadeInUp&quot;,&quot;animation_delay&quot;:200}\">\n\t\t\t\t\t<div class=\"e-con-inner\">\n\t\t<div class=\"elementor-element elementor-element-d6f9b73 e-con-full e-flex e-con e-child\" data-id=\"d6f9b73\" data-element_type=\"container\" data-e-type=\"container\">\n\t\t\t\t<div class=\"elementor-element elementor-element-aadaf18 elementor-widget elementor-widget-heading\" data-id=\"aadaf18\" data-element_type=\"widget\" data-e-type=\"widget\" data-widget_type=\"heading.default\">\n\t\t\t\t<div class=\"elementor-widget-container\">\n\t\t\t\t\t<h2 class=\"elementor-heading-title elementor-size-default\">Livar, <span class=\"livar\">seit 1999<\/span><\/h2>\t\t\t\t<\/div>\n\t\t\t\t<\/div>\n\t\t\t\t<div class=\"elementor-element elementor-element-4268107 elementor-widget elementor-widget-text-editor\" data-id=\"4268107\" data-element_type=\"widget\" data-e-type=\"widget\" data-widget_type=\"text-editor.default\">\n\t\t\t\t<div class=\"elementor-widget-container\">\n\t\t\t\t\t\t\t\t\t<p>Es ist nun schon einige Zeit her, dass f\u00fcnf Limburger Schweinehalter ihre K\u00f6pfe zusammensteckten. Sie hielten Schweine wie jeder andere Schweinehalter auch, waren aber mit ihrer Arbeit und ihrem Leben nicht zufrieden. In den 1990er Jahren lautete die Devise \"je magerer das Fleisch, desto h\u00f6her der Ertrag\". Der Geschmack stand nicht mehr im Vordergrund. Aus kleinen Schweinebetrieben wurden Betriebe mit Megast\u00e4llen und Massenproduktion. F\u00fcr viele Landwirte schien dies die einzige M\u00f6glichkeit zu sein, zu \u00fcberleben. F\u00fcr diese Limburger Landwirte war dies jedoch nicht der Fall. Sie wollten zum Wesentlichen zur\u00fcckkehren: Qualit\u00e4tsfleisch, das vor Geschmack strotzt.<\/p>\t\t\t\t\t\t\t\t<\/div>\n\t\t\t\t<\/div>\n\t\t\t\t<\/div>\n\t\t\t\t\t<\/div>\n\t\t\t\t<\/div>\n\t\t<div class=\"elementor-element elementor-element-ede1aa7 e-con-full e-flex e-con e-parent\" data-id=\"ede1aa7\" data-element_type=\"container\" data-e-type=\"container\">\n\t\t\t\t<div class=\"elementor-element elementor-element-0273476 elementor-widget elementor-widget-image-carousel\" data-id=\"0273476\" data-element_type=\"widget\" data-e-type=\"widget\" data-settings=\"{&quot;slides_to_show&quot;:&quot;4&quot;,&quot;slides_to_scroll&quot;:&quot;1&quot;,&quot;navigation&quot;:&quot;none&quot;,&quot;image_spacing_custom&quot;:{&quot;unit&quot;:&quot;px&quot;,&quot;size&quot;:15,&quot;sizes&quot;:[]},&quot;autoplay&quot;:&quot;yes&quot;,&quot;pause_on_hover&quot;:&quot;yes&quot;,&quot;pause_on_interaction&quot;:&quot;yes&quot;,&quot;autoplay_speed&quot;:5000,&quot;infinite&quot;:&quot;yes&quot;,&quot;speed&quot;:500,&quot;image_spacing_custom_widescreen&quot;:{&quot;unit&quot;:&quot;px&quot;,&quot;size&quot;:&quot;&quot;,&quot;sizes&quot;:[]},&quot;image_spacing_custom_laptop&quot;:{&quot;unit&quot;:&quot;px&quot;,&quot;size&quot;:&quot;&quot;,&quot;sizes&quot;:[]},&quot;image_spacing_custom_tablet_extra&quot;:{&quot;unit&quot;:&quot;px&quot;,&quot;size&quot;:&quot;&quot;,&quot;sizes&quot;:[]},&quot;image_spacing_custom_tablet&quot;:{&quot;unit&quot;:&quot;px&quot;,&quot;size&quot;:&quot;&quot;,&quot;sizes&quot;:[]},&quot;image_spacing_custom_mobile_extra&quot;:{&quot;unit&quot;:&quot;px&quot;,&quot;size&quot;:&quot;&quot;,&quot;sizes&quot;:[]},&quot;image_spacing_custom_mobile&quot;:{&quot;unit&quot;:&quot;px&quot;,&quot;size&quot;:&quot;&quot;,&quot;sizes&quot;:[]}}\" data-widget_type=\"image-carousel.default\">\n\t\t\t\t<div class=\"elementor-widget-container\">\n\t\t\t\t\t\t\t<div class=\"elementor-image-carousel-wrapper swiper\" role=\"region\" aria-roledescription=\"carousel\" aria-label=\"Bild-Karussell\" dir=\"ltr\">\n\t\t\t<div class=\"elementor-image-carousel swiper-wrapper swiper-image-stretch\" aria-live=\"off\">\n\t\t\t\t\t\t\t\t<div class=\"swiper-slide\" role=\"group\" aria-roledescription=\"slide\" aria-label=\"1 von 4\" data-no-translation-aria-label=\"\"><figure class=\"swiper-slide-inner\"><img decoding=\"async\" class=\"swiper-slide-image\" src=\"https:\/\/livar.nl\/wp-content\/uploads\/2025\/07\/BigGreenEgg_J21M06_Livar-107-1.webp\" alt=\"Abdij Lilbosch\" \/><\/figure><\/div><div class=\"swiper-slide\" role=\"group\" aria-roledescription=\"slide\" aria-label=\"2 von 4\" data-no-translation-aria-label=\"\"><figure class=\"swiper-slide-inner\"><img decoding=\"async\" class=\"swiper-slide-image\" src=\"https:\/\/livar.nl\/wp-content\/uploads\/2025\/07\/BigGreenEgg_J21M06_Livar-2-1.webp\" alt=\"Granen Livarboerderij\" \/><\/figure><\/div><div class=\"swiper-slide\" role=\"group\" aria-roledescription=\"slide\" aria-label=\"3 von 4\" data-no-translation-aria-label=\"\"><figure class=\"swiper-slide-inner\"><img decoding=\"async\" class=\"swiper-slide-image\" src=\"https:\/\/livar.nl\/wp-content\/uploads\/2025\/07\/BigGreenEgg_J21M06_Livar-11.webp\" alt=\"Livar varkens in de weide\" \/><\/figure><\/div><div class=\"swiper-slide\" role=\"group\" aria-roledescription=\"slide\" aria-label=\"4 von 4\" data-no-translation-aria-label=\"\"><figure class=\"swiper-slide-inner\"><img decoding=\"async\" class=\"swiper-slide-image\" src=\"https:\/\/livar.nl\/wp-content\/uploads\/2025\/07\/BigGreenEgg_J21M06_Livar-61.webp\" alt=\"Livar uitbenerij\" \/><\/figure><\/div>\t\t\t<\/div>\n\t\t\t\t\t\t\t\n\t\t\t\t\t\t\t\t\t<\/div>\n\t\t\t\t\t\t<\/div>\n\t\t\t\t<\/div>\n\t\t\t\t<\/div>\n\t\t<div class=\"elementor-element elementor-element-4d39fa3 e-flex e-con-boxed e-con e-parent\" data-id=\"4d39fa3\" data-element_type=\"container\" data-e-type=\"container\">\n\t\t\t\t\t<div class=\"e-con-inner\">\n\t\t<div class=\"elementor-element elementor-element-f324973 e-con-full e-flex elementor-invisible e-con e-child\" data-id=\"f324973\" data-element_type=\"container\" data-e-type=\"container\" data-settings=\"{&quot;background_background&quot;:&quot;classic&quot;,&quot;animation&quot;:&quot;fadeInLeft&quot;,&quot;animation_delay&quot;:300}\">\n\t\t\t\t<\/div>\n\t\t<div class=\"elementor-element elementor-element-a8d45c2 e-con-full e-flex elementor-invisible e-con e-child\" data-id=\"a8d45c2\" data-element_type=\"container\" data-e-type=\"container\" data-settings=\"{&quot;animation&quot;:&quot;fadeInRight&quot;,&quot;animation_delay&quot;:200}\">\n\t\t\t\t<div class=\"elementor-element elementor-element-6434b46 elementor-widget elementor-widget-menu-anchor\" data-id=\"6434b46\" data-element_type=\"widget\" data-e-type=\"widget\" data-widget_type=\"menu-anchor.default\">\n\t\t\t\t<div class=\"elementor-widget-container\">\n\t\t\t\t\t\t\t<div class=\"elementor-menu-anchor\" id=\"overons\"><\/div>\n\t\t\t\t\t\t<\/div>\n\t\t\t\t<\/div>\n\t\t\t\t<div class=\"elementor-element elementor-element-e38b5c0 elementor-widget elementor-widget-heading\" data-id=\"e38b5c0\" data-element_type=\"widget\" data-e-type=\"widget\" data-widget_type=\"heading.default\">\n\t\t\t\t<div class=\"elementor-widget-container\">\n\t\t\t\t\t<h2 class=\"elementor-heading-title elementor-size-default\">Eine echte <span class=\"livar\">eye opener<\/span><\/h2>\t\t\t\t<\/div>\n\t\t\t\t<\/div>\n\t\t\t\t<div class=\"elementor-element elementor-element-52818e4 elementor-widget elementor-widget-text-editor\" data-id=\"52818e4\" data-element_type=\"widget\" data-e-type=\"widget\" data-widget_type=\"text-editor.default\">\n\t\t\t\t<div class=\"elementor-widget-container\">\n\t\t\t\t\t\t\t\t\t<p>Die Schweinez\u00fcchter lie\u00dfen sich von Spanien inspirieren. Sie wussten nicht, was sie sahen. Kleine Betriebe mit besonderen Rassen, anderem Futter und vor allem gl\u00fccklichen Schweinen und gl\u00fccklichen Bauern. Sie besuchten auch mehrere Restaurants und probierten Schweinefleisch, wie sie es noch nie zuvor gekostet hatten. Zur\u00fcck auf dem Limburger Boden begann eine intensive Suche nach Qualit\u00e4t mit der Auswahl der besten Schweinerassen. Das Konzept Livar, die Limburger Kloostervarken, war geboren.<\/p>\t\t\t\t\t\t\t\t<\/div>\n\t\t\t\t<\/div>\n\t\t\t\t<\/div>\n\t\t\t\t\t<\/div>\n\t\t\t\t<\/div>\n\t\t<div class=\"elementor-element elementor-element-03db659 e-flex e-con-boxed e-con e-parent\" data-id=\"03db659\" data-element_type=\"container\" data-e-type=\"container\">\n\t\t\t\t\t<div class=\"e-con-inner\">\n\t\t<div data-tp-sc-link=\"https:\/\/www.youtube.com\/watch?v=kVO-Um6plCA&#038;t=3s\" data-tp-sc-link-external=\"on\" style=\"cursor: pointer\" class=\"elementor-element elementor-element-00d0329 e-con-full e-flex elementor-invisible e-con e-child\" data-id=\"00d0329\" data-element_type=\"container\" data-e-type=\"container\" data-settings=\"{&quot;background_background&quot;:&quot;video&quot;,&quot;background_video_link&quot;:&quot;https:\\\/\\\/www.youtube.com\\\/watch?v=kVO-Um6plCA&amp;t=8s&quot;,&quot;animation&quot;:&quot;fadeInUp&quot;,&quot;animation_delay&quot;:200,&quot;background_video_start&quot;:22,&quot;background_video_end&quot;:473,&quot;background_play_on_mobile&quot;:&quot;yes&quot;}\">\n\t\t<div class=\"elementor-background-video-container\">\n\t\t\t\t\t\t\t<div class=\"elementor-background-video-embed\" role=\"presentation\"><\/div>\n\t\t\t\t\t\t<\/div><div class=\"elementor-element elementor-element-e8d18ba e-con-full e-transform e-flex elementor-invisible e-con e-child\" data-id=\"e8d18ba\" data-element_type=\"container\" data-e-type=\"container\" data-settings=\"{&quot;background_background&quot;:&quot;classic&quot;,&quot;_transform_translateX_effect&quot;:{&quot;unit&quot;:&quot;px&quot;,&quot;size&quot;:50,&quot;sizes&quot;:[]},&quot;animation&quot;:&quot;fadeInUp&quot;,&quot;animation_delay&quot;:200,&quot;_transform_translateX_effect_mobile&quot;:{&quot;unit&quot;:&quot;px&quot;,&quot;size&quot;:0,&quot;sizes&quot;:[]},&quot;_transform_translateX_effect_widescreen&quot;:{&quot;unit&quot;:&quot;px&quot;,&quot;size&quot;:&quot;&quot;,&quot;sizes&quot;:[]},&quot;_transform_translateX_effect_laptop&quot;:{&quot;unit&quot;:&quot;px&quot;,&quot;size&quot;:&quot;&quot;,&quot;sizes&quot;:[]},&quot;_transform_translateX_effect_tablet_extra&quot;:{&quot;unit&quot;:&quot;px&quot;,&quot;size&quot;:&quot;&quot;,&quot;sizes&quot;:[]},&quot;_transform_translateX_effect_tablet&quot;:{&quot;unit&quot;:&quot;px&quot;,&quot;size&quot;:&quot;&quot;,&quot;sizes&quot;:[]},&quot;_transform_translateX_effect_mobile_extra&quot;:{&quot;unit&quot;:&quot;px&quot;,&quot;size&quot;:&quot;&quot;,&quot;sizes&quot;:[]},&quot;_transform_translateY_effect&quot;:{&quot;unit&quot;:&quot;px&quot;,&quot;size&quot;:&quot;&quot;,&quot;sizes&quot;:[]},&quot;_transform_translateY_effect_widescreen&quot;:{&quot;unit&quot;:&quot;px&quot;,&quot;size&quot;:&quot;&quot;,&quot;sizes&quot;:[]},&quot;_transform_translateY_effect_laptop&quot;:{&quot;unit&quot;:&quot;px&quot;,&quot;size&quot;:&quot;&quot;,&quot;sizes&quot;:[]},&quot;_transform_translateY_effect_tablet_extra&quot;:{&quot;unit&quot;:&quot;px&quot;,&quot;size&quot;:&quot;&quot;,&quot;sizes&quot;:[]},&quot;_transform_translateY_effect_tablet&quot;:{&quot;unit&quot;:&quot;px&quot;,&quot;size&quot;:&quot;&quot;,&quot;sizes&quot;:[]},&quot;_transform_translateY_effect_mobile_extra&quot;:{&quot;unit&quot;:&quot;px&quot;,&quot;size&quot;:&quot;&quot;,&quot;sizes&quot;:[]},&quot;_transform_translateY_effect_mobile&quot;:{&quot;unit&quot;:&quot;px&quot;,&quot;size&quot;:&quot;&quot;,&quot;sizes&quot;:[]}}\">\n\t\t\t\t<div class=\"elementor-element elementor-element-1b15640 elementor-widget elementor-widget-heading\" data-id=\"1b15640\" data-element_type=\"widget\" data-e-type=\"widget\" data-widget_type=\"heading.default\">\n\t\t\t\t<div class=\"elementor-widget-container\">\n\t\t\t\t\t<h2 class=\"elementor-heading-title elementor-size-default\">Lassen Sie sich inspirieren, so wie wir es damals getan haben<\/h2>\t\t\t\t<\/div>\n\t\t\t\t<\/div>\n\t\t\t\t<\/div>\n\t\t\t\t<\/div>\n\t\t\t\t\t<\/div>\n\t\t\t\t<\/div>\n\t\t<div class=\"elementor-element elementor-element-d05dc5b e-flex e-con-boxed elementor-invisible e-con e-parent\" data-id=\"d05dc5b\" data-element_type=\"container\" data-e-type=\"container\" data-settings=\"{&quot;animation&quot;:&quot;fadeInUp&quot;,&quot;animation_delay&quot;:200}\">\n\t\t\t\t\t<div class=\"e-con-inner\">\n\t\t<div class=\"elementor-element elementor-element-4bc1734 e-con-full e-flex elementor-invisible e-con e-child\" data-id=\"4bc1734\" data-element_type=\"container\" data-e-type=\"container\" data-settings=\"{&quot;animation&quot;:&quot;fadeInRight&quot;,&quot;animation_delay&quot;:200}\">\n\t\t\t\t<div class=\"elementor-element elementor-element-e06e5af elementor-widget elementor-widget-heading\" data-id=\"e06e5af\" data-element_type=\"widget\" data-e-type=\"widget\" data-widget_type=\"heading.default\">\n\t\t\t\t<div class=\"elementor-widget-container\">\n\t\t\t\t\t<h1 class=\"elementor-heading-title elementor-size-default\">Was ist <span class=\"livar\">Livar<\/span>?<\/h1>\t\t\t\t<\/div>\n\t\t\t\t<\/div>\n\t\t\t\t<div class=\"elementor-element elementor-element-e9b8c48 elementor-widget elementor-widget-text-editor\" data-id=\"e9b8c48\" data-element_type=\"widget\" data-e-type=\"widget\" data-widget_type=\"text-editor.default\">\n\t\t\t\t<div class=\"elementor-widget-container\">\n\t\t\t\t\t\t\t\t\t<p>Die neuen Schweinerassen wurden nach einer kl\u00f6sterlichen Vision des Lebens auf der Klosterfarm der Abtei Lilbosch gehalten, wo das Wohlergehen der Tiere an erster Stelle steht. Die strenge Lebensweise der M\u00f6nche mit Respekt f\u00fcr Mensch, Tier und Umwelt entsprach perfekt der Vision von Livar. Alle Zutaten waren vorhanden, um die beste Qualit\u00e4t und den besten Geschmack zu entwickeln.<\/p>\t\t\t\t\t\t\t\t<\/div>\n\t\t\t\t<\/div>\n\t\t\t\t<div class=\"elementor-element elementor-element-e646958 elementor-widget elementor-widget-heading\" data-id=\"e646958\" data-element_type=\"widget\" data-e-type=\"widget\" data-widget_type=\"heading.default\">\n\t\t\t\t<div class=\"elementor-widget-container\">\n\t\t\t\t\t<h2 class=\"elementor-heading-title elementor-size-default\">Das Wachstum zum Erfolg<\/h2>\t\t\t\t<\/div>\n\t\t\t\t<\/div>\n\t\t\t\t<div class=\"elementor-element elementor-element-b00662e elementor-widget elementor-widget-text-editor\" data-id=\"b00662e\" data-element_type=\"widget\" data-e-type=\"widget\" data-widget_type=\"text-editor.default\">\n\t\t\t\t<div class=\"elementor-widget-container\">\n\t\t\t\t\t\t\t\t\t<p>Livar-Schweinefleisch wurde zum gefl\u00fcgelten Wort, und bald wurden die R\u00e4umlichkeiten des Klosters zu klein. Man suchte nach anderen Betrieben, in denen die Schweine unter den gleichen Bedingungen wie auf dem Klosterhof leben konnten. Inzwischen gibt es mehrere H\u00f6fe, auf denen Livar-Schweine gehalten werden. Seit 2009 verf\u00fcgt Livar \u00fcber eine eigene Metzgerei, in der die Schweine zu den besten Produkten verarbeitet werden. Seit seinen Anf\u00e4ngen wird das Livar-Fleisch von den besseren Restaurants und Metzgereien gesch\u00e4tzt, bevor es mit Sorgfalt zum Endverbraucher gelangt: einem echten Liebhaber von gutem und schmackhaftem Schweinefleisch.<\/p>\t\t\t\t\t\t\t\t<\/div>\n\t\t\t\t<\/div>\n\t\t\t\t<\/div>\n\t\t\t\t\t<\/div>\n\t\t\t\t<\/div>\n\t\t<div class=\"elementor-element elementor-element-b6ac252 e-flex e-con-boxed e-con e-parent\" data-id=\"b6ac252\" data-element_type=\"container\" data-e-type=\"container\">\n\t\t\t\t\t<div class=\"e-con-inner\">\n\t\t<div class=\"elementor-element elementor-element-91b2e19 e-con-full e-flex elementor-invisible e-con e-child\" data-id=\"91b2e19\" data-element_type=\"container\" data-e-type=\"container\" data-settings=\"{&quot;animation&quot;:&quot;fadeInLeft&quot;,&quot;animation_delay&quot;:200}\">\n\t\t\t\t<div class=\"elementor-element elementor-element-9f5069c elementor-widget elementor-widget-heading\" data-id=\"9f5069c\" data-element_type=\"widget\" data-e-type=\"widget\" data-widget_type=\"heading.default\">\n\t\t\t\t<div class=\"elementor-widget-container\">\n\t\t\t\t\t<h2 class=\"elementor-heading-title elementor-size-default\">Am Ruder von <span class=\"livar\">Livar<\/span><\/h2>\t\t\t\t<\/div>\n\t\t\t\t<\/div>\n\t\t\t\t<div class=\"elementor-element elementor-element-05651c1 elementor-widget elementor-widget-text-editor\" data-id=\"05651c1\" data-element_type=\"widget\" data-e-type=\"widget\" data-widget_type=\"text-editor.default\">\n\t\t\t\t<div class=\"elementor-widget-container\">\n\t\t\t\t\t\t\t\t\t<p>Von den f\u00fcnf Limburger Schweinez\u00fcchtern, die damals nach Spanien gingen, um ihren Traum zu verwirklichen, ist nur noch Frans de Rond bei Livar t\u00e4tig.<\/p><p>Inzwischen sind Abbey Lilbosch, Frank de Rond, Jos Tobben, Rik Verheijen und Merel Postma (von links nach rechts) Aktion\u00e4re von Livar.<\/p>\t\t\t\t\t\t\t\t<\/div>\n\t\t\t\t<\/div>\n\t\t\t\t<div class=\"elementor-element elementor-element-954214b elementor-mobile-align-left elementor-widget elementor-widget-button\" data-id=\"954214b\" data-element_type=\"widget\" data-e-type=\"widget\" data-widget_type=\"button.default\">\n\t\t\t\t<div class=\"elementor-widget-container\">\n\t\t\t\t\t\t\t\t\t<div class=\"elementor-button-wrapper\">\n\t\t\t\t\t<a class=\"elementor-button elementor-button-link elementor-size-sm\" href=\"https:\/\/livar.nl\/de\/boerderijen\/\">\n\t\t\t\t\t\t<span class=\"elementor-button-content-wrapper\">\n\t\t\t\t\t\t\t\t\t<span class=\"elementor-button-text\">Alle Livar Farmen anzeigen<\/span>\n\t\t\t\t\t<\/span>\n\t\t\t\t\t<\/a>\n\t\t\t\t<\/div>\n\t\t\t\t\t\t\t\t<\/div>\n\t\t\t\t<\/div>\n\t\t\t\t<\/div>\n\t\t<div class=\"elementor-element elementor-element-e807823 e-con-full e-flex elementor-invisible e-con e-child\" data-id=\"e807823\" data-element_type=\"container\" data-e-type=\"container\" data-settings=\"{&quot;background_background&quot;:&quot;classic&quot;,&quot;animation&quot;:&quot;fadeInRight&quot;,&quot;animation_delay&quot;:300}\">\n\t\t\t\t<\/div>\n\t\t\t\t\t<\/div>\n\t\t\t\t<\/div>\n\t\t\t\t<\/div>","protected":false},"excerpt":{"rendered":"<p>Livar, sinds 1999 Het is inmiddels alweer een hele tijd geleden dat vijf Limburgse varkensboeren de koppen bij elkaar staken. Ze hielden varkens zoals elke andere varkenshouder, maar waren niet tevreden over hun werk en leven. In de jaren &#8217;90 gold het motto \u201choe magerder het vlees, hoe hoger de opbrengst\u201d. Smaak was geen prioriteit [&hellip;]<\/p>\n","protected":false},"author":2,"featured_media":0,"parent":0,"menu_order":0,"comment_status":"closed","ping_status":"closed","template":"","meta":{"_acf_changed":false,"footnotes":""},"class_list":["post-886","page","type-page","status-publish","hentry"],"acf":[],"_links":{"self":[{"href":"https:\/\/livar.nl\/de\/wp-json\/wp\/v2\/pages\/886","targetHints":{"allow":["GET"]}}],"collection":[{"href":"https:\/\/livar.nl\/de\/wp-json\/wp\/v2\/pages"}],"about":[{"href":"https:\/\/livar.nl\/de\/wp-json\/wp\/v2\/types\/page"}],"author":[{"embeddable":true,"href":"https:\/\/livar.nl\/de\/wp-json\/wp\/v2\/users\/2"}],"replies":[{"embeddable":true,"href":"https:\/\/livar.nl\/de\/wp-json\/wp\/v2\/comments?post=886"}],"version-history":[{"count":183,"href":"https:\/\/livar.nl\/de\/wp-json\/wp\/v2\/pages\/886\/revisions"}],"predecessor-version":[{"id":6758,"href":"https:\/\/livar.nl\/de\/wp-json\/wp\/v2\/pages\/886\/revisions\/6758"}],"wp:attachment":[{"href":"https:\/\/livar.nl\/de\/wp-json\/wp\/v2\/media?parent=886"}],"curies":[{"name":"wp","href":"https:\/\/api.w.org\/{rel}","templated":true}]}}