{"id":7653,"date":"2026-03-17T16:50:50","date_gmt":"2026-03-17T15:50:50","guid":{"rendered":"https:\/\/livar.nl\/?page_id=7653"},"modified":"2026-03-26T13:46:52","modified_gmt":"2026-03-26T12:46:52","slug":"verzend-retour-beleid","status":"publish","type":"page","link":"https:\/\/livar.nl\/de\/verzend-retour-beleid\/","title":{"rendered":"Versand- und R\u00fcckgabebedingungen"},"content":{"rendered":"<div data-elementor-type=\"wp-page\" data-elementor-id=\"7653\" class=\"elementor elementor-7653\" data-elementor-post-type=\"page\">\n\t\t\t\t<div class=\"elementor-element elementor-element-bfedd94 e-flex e-con-boxed e-con e-parent\" data-id=\"bfedd94\" data-element_type=\"container\" data-e-type=\"container\" data-settings=\"{&quot;background_background&quot;:&quot;classic&quot;}\">\n\t\t\t\t\t<div class=\"e-con-inner\">\n\t\t\t\t<div class=\"elementor-element elementor-element-a4764b5 elementor-widget__width-initial elementor-widget elementor-widget-heading\" data-id=\"a4764b5\" data-element_type=\"widget\" data-e-type=\"widget\" data-widget_type=\"heading.default\">\n\t\t\t\t<div class=\"elementor-widget-container\">\n\t\t\t\t\t<h1 class=\"elementor-heading-title elementor-size-default\">Versand- und R\u00fcckgabebedingungen<\/h1>\t\t\t\t<\/div>\n\t\t\t\t<\/div>\n\t\t\t\t<div class=\"elementor-element elementor-element-fc88d5c elementor-widget elementor-widget-spacer\" data-id=\"fc88d5c\" data-element_type=\"widget\" data-e-type=\"widget\" data-widget_type=\"spacer.default\">\n\t\t\t\t<div class=\"elementor-widget-container\">\n\t\t\t\t\t\t\t<div class=\"elementor-spacer\">\n\t\t\t<div class=\"elementor-spacer-inner\"><\/div>\n\t\t<\/div>\n\t\t\t\t\t\t<\/div>\n\t\t\t\t<\/div>\n\t\t\t\t\t<\/div>\n\t\t\t\t<\/div>\n\t\t<div class=\"elementor-element elementor-element-e2682d2 e-flex e-con-boxed e-con e-parent\" data-id=\"e2682d2\" data-element_type=\"container\" data-e-type=\"container\">\n\t\t\t\t\t<div class=\"e-con-inner\">\n\t\t\t\t<div class=\"elementor-element elementor-element-8a46978 elementor-widget elementor-widget-heading\" data-id=\"8a46978\" data-element_type=\"widget\" data-e-type=\"widget\" data-widget_type=\"heading.default\">\n\t\t\t\t<div class=\"elementor-widget-container\">\n\t\t\t\t\t<h2 class=\"elementor-heading-title elementor-size-default\">Lieferung und Zustellung<\/h2>\t\t\t\t<\/div>\n\t\t\t\t<\/div>\n\t\t\t\t<div class=\"elementor-element elementor-element-180f2a0 elementor-widget elementor-widget-text-editor\" data-id=\"180f2a0\" data-element_type=\"widget\" data-e-type=\"widget\" data-widget_type=\"text-editor.default\">\n\t\t\t\t<div class=\"elementor-widget-container\">\n\t\t\t\t\t\t\t\t\t<h3><strong>Bestell- und Liefertage<\/strong><\/h3><p>Wir bereiten jede Bestellung mit Liebe, Leidenschaft und handwerklichem Geschick in unserer Fleischerei in Echt vor. Sie erhalten von uns eine E-Mail, sobald wir Ihre Bestellung vorbereitet haben und sie verschickt wurde oder abgeholt werden kann.<\/p><h5>Lieferung<\/h5><p>Mit klimatisiertem Transport liefern wir private und gesch\u00e4ftliche Bestellungen dienstags, donnerstags und\/oder freitags zu Ihnen nach Hause, ins Restaurant oder in die Metzgerei.<\/p><p>Bestellungen, die montags, mittwochs und\/oder donnerstags vor 10.00 Uhr aufgegeben werden, werden normalerweise am n\u00e4chsten Werktag zwischen 08.00 und 18.00 Uhr zugestellt. M\u00f6chten Sie an einem bestimmten Tag zugestellt werden? Dann geben Sie dies bitte im Kommentarfenster an.<\/p><p>Derzeit k\u00f6nnen wir in den gesamten Niederlanden (au\u00dfer den Watteninseln) und Flandern (Belgien) liefern.<\/p><p><strong>Achtung!<\/strong> Die obigen Angaben gelten f\u00fcr unsere Lieferungen in den Niederlanden. In Belgien liefern wir dienstags oder donnerstags, je nachdem, wo Sie wohnen. Daher k\u00f6nnen wir f\u00fcr Belgien kein genaues Bestell- und Lieferdatum angeben.<\/p><h5>Sammlung<\/h5><p>Die Abholung ist kostenlos und an jedem Werktag zwischen 08:30 und 17:00 Uhr m\u00f6glich. <a href=\"https:\/\/livar.nl\/de\/contact\/\">in unserer Fleischwerkstatt in Echt<\/a>. Normalerweise sind Abholauftr\u00e4ge, die vor 15 Uhr bestellt werden, am n\u00e4chsten Arbeitstag abholbereit. M\u00f6chten Sie an einem bestimmten Tag abholen? Bitte geben Sie dies im Kommentarfenster an.<\/p><h3><strong>Verfolgen und verfolgen<\/strong><\/h3><p>Am Abend vor der Auslieferung Ihrer Bestellung erhalten Sie von unserem Spediteur einen Track &amp; Trace-Code, mit dem Sie Ihre Bestellung verfolgen k\u00f6nnen, so dass Sie genau wissen, wann Ihre Bestellung geliefert wird.<\/p><h3><strong>Versandkosten und Mindestbestellwert<\/strong><\/h3><p>Der konditionierte Versand von Frischwaren verursacht hohe Versandkosten. Aus diesem Grund berechnen wir unterschiedliche Versandkosten. Bitte beachten Sie, dass wir einen Mindestbestellwert von 75 \u20ac ansetzen.<\/p><p><strong>Private Auftr\u00e4ge<\/strong><\/p><ul><li>9,95 \u20ac* Versandkosten f\u00fcr Bestellungen zwischen 75 \u20ac und 100 \u20ac.<\/li><li>Kostenloser Versand bei Bestellungen ab 100 \u20ac*<\/li><\/ul><p><em>*Die angegebenen Preise enthalten die Mehrwertsteuer f\u00fcr Privatkunden.<\/em><\/p><p><strong>Gesch\u00e4ftliche Auftr\u00e4ge<\/strong><\/p><ul><li>12,50 \u20ac* Versandkosten f\u00fcr Bestellungen zwischen 75 \u20ac und 150 \u20ac.<\/li><li>Kostenloser Versand bei Bestellungen ab 150 \u20ac*<\/li><\/ul><p><em>*Die Preise verstehen sich f\u00fcr Gesch\u00e4ftskunden ohne Mehrwertsteuer.<\/em><\/p>\t\t\t\t\t\t\t\t<\/div>\n\t\t\t\t<\/div>\n\t\t\t\t\t<\/div>\n\t\t\t\t<\/div>\n\t\t<div class=\"elementor-element elementor-element-b2a1c4a e-flex e-con-boxed e-con e-parent\" data-id=\"b2a1c4a\" data-element_type=\"container\" data-e-type=\"container\">\n\t\t\t\t\t<div class=\"e-con-inner\">\n\t\t\t\t<div class=\"elementor-element elementor-element-3bbf461 elementor-widget elementor-widget-heading\" data-id=\"3bbf461\" data-element_type=\"widget\" data-e-type=\"widget\" data-widget_type=\"heading.default\">\n\t\t\t\t<div class=\"elementor-widget-container\">\n\t\t\t\t\t<h2 class=\"elementor-heading-title elementor-size-default\">R\u00fcckgabepolitik<\/h2>\t\t\t\t<\/div>\n\t\t\t\t<\/div>\n\t\t\t\t<div class=\"elementor-element elementor-element-ef5e864 elementor-widget elementor-widget-text-editor\" data-id=\"ef5e864\" data-element_type=\"widget\" data-e-type=\"widget\" data-widget_type=\"text-editor.default\">\n\t\t\t\t<div class=\"elementor-widget-container\">\n\t\t\t\t\t\t\t\t\t<p>Es ist nicht immer m\u00f6glich, verderbliche Waren wie frisches Livar-Fleisch und Livar-Fleischerzeugnisse zur\u00fcckzusenden. Wenn Sie eine Reklamation oder eine Frage zu Ihrer Bestellung haben, kontaktieren Sie uns immer zuerst per E-Mail oder telefonisch unter +31 (0) 88 548 27 83. Wir werden dann gemeinsam nach einer geeigneten L\u00f6sung suchen.<\/p>\t\t\t\t\t\t\t\t<\/div>\n\t\t\t\t<\/div>\n\t\t\t\t\t<\/div>\n\t\t\t\t<\/div>\n\t\t\t\t<\/div>","protected":false},"excerpt":{"rendered":"<p>Levering en bezorging Bestel- en leverdagen Elke bestelling maken wij met liefde, passie en vakmanschap voor je klaar in ons vleesatelier in Echt. Je ontvangt van ons een mail zodra we de bestelling hebben klaargemaakt en deze is verstuurd of kan worden afgehaald. Bezorgen Met geconditioneerd transport leveren wij particuliere en zakelijke bestellingen op dinsdag, [&hellip;]<\/p>\n","protected":false},"author":1,"featured_media":0,"parent":0,"menu_order":0,"comment_status":"closed","ping_status":"closed","template":"","meta":{"_acf_changed":false,"footnotes":""},"class_list":["post-7653","page","type-page","status-publish","hentry"],"acf":[],"_links":{"self":[{"href":"https:\/\/livar.nl\/de\/wp-json\/wp\/v2\/pages\/7653","targetHints":{"allow":["GET"]}}],"collection":[{"href":"https:\/\/livar.nl\/de\/wp-json\/wp\/v2\/pages"}],"about":[{"href":"https:\/\/livar.nl\/de\/wp-json\/wp\/v2\/types\/page"}],"author":[{"embeddable":true,"href":"https:\/\/livar.nl\/de\/wp-json\/wp\/v2\/users\/1"}],"replies":[{"embeddable":true,"href":"https:\/\/livar.nl\/de\/wp-json\/wp\/v2\/comments?post=7653"}],"version-history":[{"count":47,"href":"https:\/\/livar.nl\/de\/wp-json\/wp\/v2\/pages\/7653\/revisions"}],"predecessor-version":[{"id":7818,"href":"https:\/\/livar.nl\/de\/wp-json\/wp\/v2\/pages\/7653\/revisions\/7818"}],"wp:attachment":[{"href":"https:\/\/livar.nl\/de\/wp-json\/wp\/v2\/media?parent=7653"}],"curies":[{"name":"wp","href":"https:\/\/api.w.org\/{rel}","templated":true}]}}