{"id":1076,"date":"2024-08-30T19:44:12","date_gmt":"2024-08-30T19:44:12","guid":{"rendered":"https:\/\/livar.nl\/?page_id=1076"},"modified":"2026-03-19T13:43:02","modified_gmt":"2026-03-19T12:43:02","slug":"kwaliteitsdienst","status":"publish","type":"page","link":"https:\/\/livar.nl\/de\/kwaliteitsdienst\/","title":{"rendered":"Qualit\u00e4t der Dienstleistung"},"content":{"rendered":"<div data-elementor-type=\"wp-page\" data-elementor-id=\"1076\" class=\"elementor elementor-1076\" data-elementor-post-type=\"page\">\n\t\t\t\t<div class=\"elementor-element elementor-element-bfedd94 e-flex e-con-boxed e-con e-parent\" data-id=\"bfedd94\" data-element_type=\"container\" data-e-type=\"container\" data-settings=\"{&quot;background_background&quot;:&quot;classic&quot;}\">\n\t\t\t\t\t<div class=\"e-con-inner\">\n\t\t\t\t<div class=\"elementor-element elementor-element-a4764b5 elementor-widget__width-initial elementor-widget elementor-widget-heading\" data-id=\"a4764b5\" data-element_type=\"widget\" data-e-type=\"widget\" data-widget_type=\"heading.default\">\n\t\t\t\t<div class=\"elementor-widget-container\">\n\t\t\t\t\t<h1 class=\"elementor-heading-title elementor-size-default\">Qualit\u00e4t der Dienstleistung<\/h1>\t\t\t\t<\/div>\n\t\t\t\t<\/div>\n\t\t\t\t<div class=\"elementor-element elementor-element-fc88d5c elementor-widget elementor-widget-spacer\" data-id=\"fc88d5c\" data-element_type=\"widget\" data-e-type=\"widget\" data-widget_type=\"spacer.default\">\n\t\t\t\t<div class=\"elementor-widget-container\">\n\t\t\t\t\t\t\t<div class=\"elementor-spacer\">\n\t\t\t<div class=\"elementor-spacer-inner\"><\/div>\n\t\t<\/div>\n\t\t\t\t\t\t<\/div>\n\t\t\t\t<\/div>\n\t\t\t\t\t<\/div>\n\t\t\t\t<\/div>\n\t\t<div class=\"elementor-element elementor-element-e2682d2 e-flex e-con-boxed elementor-invisible e-con e-parent\" data-id=\"e2682d2\" data-element_type=\"container\" data-e-type=\"container\" data-settings=\"{&quot;animation&quot;:&quot;fadeInUp&quot;}\">\n\t\t\t\t\t<div class=\"e-con-inner\">\n\t\t\t\t<div class=\"elementor-element elementor-element-8a46978 elementor-widget elementor-widget-heading\" data-id=\"8a46978\" data-element_type=\"widget\" data-e-type=\"widget\" data-widget_type=\"heading.default\">\n\t\t\t\t<div class=\"elementor-widget-container\">\n\t\t\t\t\t<h2 class=\"elementor-heading-title elementor-size-default\">Unser <span class=\"livar\">Zertifikate<\/span><\/h2>\t\t\t\t<\/div>\n\t\t\t\t<\/div>\n\t\t\t\t<div class=\"elementor-element elementor-element-1396bca elementor-widget elementor-widget-text-editor\" data-id=\"1396bca\" data-element_type=\"widget\" data-e-type=\"widget\" data-widget_type=\"text-editor.default\">\n\t\t\t\t<div class=\"elementor-widget-container\">\n\t\t\t\t\t\t\t\t\t<p>Unsere Zertifikate sind ein Beleg f\u00fcr unser Engagement in den Bereichen Tierschutz, Regionalit\u00e4t, Lebensmittelsicherheit und Bildung. Sie garantieren, dass unser Fleisch nach den h\u00f6chsten Standards der Branche erzeugt und mit entsprechendem Fachwissen verarbeitet wird.<\/p><p>Auf dieser Seite finden Sie einen \u00dcberblick \u00fcber die Zertifikate, auf die wir stolz sind und die unseren Kunden die Echtheit und Sorgfalt bei der Herstellung unserer Produkte versichern. Transparenz und Vertrauen sind f\u00fcr uns von gr\u00f6\u00dfter Bedeutung und unsere Zertifikate unterstreichen dies.<\/p>\t\t\t\t\t\t\t\t<\/div>\n\t\t\t\t<\/div>\n\t\t<div class=\"elementor-element elementor-element-40182f8 e-con-full e-flex elementor-invisible e-con e-child\" data-id=\"40182f8\" data-element_type=\"container\" data-e-type=\"container\" data-settings=\"{&quot;animation&quot;:&quot;fadeInUp&quot;,&quot;animation_delay&quot;:200}\">\n\t\t<div class=\"elementor-element elementor-element-b5376b5 e-con-full e-flex e-con e-child\" data-id=\"b5376b5\" data-element_type=\"container\" data-e-type=\"container\" data-settings=\"{&quot;background_background&quot;:&quot;classic&quot;}\">\n\t\t\t\t<div class=\"elementor-element elementor-element-651f1e3 elementor-absolute elementor-widget elementor-widget-image\" data-id=\"651f1e3\" data-element_type=\"widget\" data-e-type=\"widget\" data-settings=\"{&quot;_position&quot;:&quot;absolute&quot;}\" data-widget_type=\"image.default\">\n\t\t\t\t<div class=\"elementor-widget-container\">\n\t\t\t\t\t\t\t\t\t\t\t\t\t\t\t<img fetchpriority=\"high\" decoding=\"async\" width=\"800\" height=\"438\" src=\"https:\/\/livar.nl\/wp-content\/uploads\/2024\/08\/beterleven_3sterren_min20mm-FC-ongestr-1.jpg\" class=\"attachment-large size-large wp-image-590\" alt=\"Livar BLK3\" srcset=\"https:\/\/livar.nl\/wp-content\/uploads\/2024\/08\/beterleven_3sterren_min20mm-FC-ongestr-1.jpg 989w, https:\/\/livar.nl\/wp-content\/uploads\/2024\/08\/beterleven_3sterren_min20mm-FC-ongestr-1-300x164.jpg 300w, https:\/\/livar.nl\/wp-content\/uploads\/2024\/08\/beterleven_3sterren_min20mm-FC-ongestr-1-600x329.jpg 600w, https:\/\/livar.nl\/wp-content\/uploads\/2024\/08\/beterleven_3sterren_min20mm-FC-ongestr-1-768x421.jpg 768w, https:\/\/livar.nl\/wp-content\/uploads\/2024\/08\/beterleven_3sterren_min20mm-FC-ongestr-1-18x10.jpg 18w\" sizes=\"(max-width: 800px) 100vw, 800px\" \/>\t\t\t\t\t\t\t\t\t\t\t\t\t\t\t<\/div>\n\t\t\t\t<\/div>\n\t\t\t\t<div class=\"elementor-element elementor-element-d9eafc5 elementor-widget elementor-widget-heading\" data-id=\"d9eafc5\" data-element_type=\"widget\" data-e-type=\"widget\" data-widget_type=\"heading.default\">\n\t\t\t\t<div class=\"elementor-widget-container\">\n\t\t\t\t\t<h2 class=\"elementor-heading-title elementor-size-default\">Punze Beter Leven<\/h2>\t\t\t\t<\/div>\n\t\t\t\t<\/div>\n\t\t\t\t<div class=\"elementor-element elementor-element-ed4c8fa elementor-widget elementor-widget-text-editor\" data-id=\"ed4c8fa\" data-element_type=\"widget\" data-e-type=\"widget\" data-widget_type=\"text-editor.default\">\n\t\t\t\t<div class=\"elementor-widget-container\">\n\t\t\t\t\t\t\t\t\t<p>Wir halten unsere Schweine nach den h\u00f6chsten Standards des Tierschutzes.<\/p>\t\t\t\t\t\t\t\t<\/div>\n\t\t\t\t<\/div>\n\t\t\t\t<div class=\"elementor-element elementor-element-2146d80 elementor-mobile-align-left elementor-widget elementor-widget-button\" data-id=\"2146d80\" data-element_type=\"widget\" data-e-type=\"widget\" data-widget_type=\"button.default\">\n\t\t\t\t<div class=\"elementor-widget-container\">\n\t\t\t\t\t\t\t\t\t<div class=\"elementor-button-wrapper\">\n\t\t\t\t\t<a class=\"elementor-button elementor-button-link elementor-size-sm\" href=\"https:\/\/livar.nl\/wp-content\/uploads\/2025\/09\/2025-Livar-Beter-Leven-keurmerk-3-Verwerker-CERTIFICAAT-geldig-tot-17-10-2026.pdf\" target=\"_blank\">\n\t\t\t\t\t\t<span class=\"elementor-button-content-wrapper\">\n\t\t\t\t\t\t\t\t\t<span class=\"elementor-button-text\">Zertifikat ansehen<\/span>\n\t\t\t\t\t<\/span>\n\t\t\t\t\t<\/a>\n\t\t\t\t<\/div>\n\t\t\t\t\t\t\t\t<\/div>\n\t\t\t\t<\/div>\n\t\t\t\t<\/div>\n\t\t<div class=\"elementor-element elementor-element-edd4465 e-con-full e-flex e-con e-child\" data-id=\"edd4465\" data-element_type=\"container\" data-e-type=\"container\" data-settings=\"{&quot;background_background&quot;:&quot;classic&quot;}\">\n\t\t\t\t<div class=\"elementor-element elementor-element-cd6b001 elementor-absolute elementor-widget elementor-widget-image\" data-id=\"cd6b001\" data-element_type=\"widget\" data-e-type=\"widget\" data-settings=\"{&quot;_position&quot;:&quot;absolute&quot;}\" data-widget_type=\"image.default\">\n\t\t\t\t<div class=\"elementor-widget-container\">\n\t\t\t\t\t\t\t\t\t\t\t\t\t\t\t<img decoding=\"async\" width=\"322\" height=\"322\" src=\"https:\/\/livar.nl\/wp-content\/uploads\/2024\/08\/streekproduct.png\" class=\"attachment-large size-large wp-image-1079\" alt=\"Livar streekproduct\" srcset=\"https:\/\/livar.nl\/wp-content\/uploads\/2024\/08\/streekproduct.png 322w, https:\/\/livar.nl\/wp-content\/uploads\/2024\/08\/streekproduct-300x300.png 300w, https:\/\/livar.nl\/wp-content\/uploads\/2024\/08\/streekproduct-100x100.png 100w, https:\/\/livar.nl\/wp-content\/uploads\/2024\/08\/streekproduct-150x150.png 150w, https:\/\/livar.nl\/wp-content\/uploads\/2024\/08\/streekproduct-12x12.png 12w, https:\/\/livar.nl\/wp-content\/uploads\/2024\/08\/elementor\/thumbs\/streekproduct-qtdwawxyngqjincytyjyyr3nvb9vy8rxv82vgbscls.png 200w\" sizes=\"(max-width: 322px) 100vw, 322px\" \/>\t\t\t\t\t\t\t\t\t\t\t\t\t\t\t<\/div>\n\t\t\t\t<\/div>\n\t\t\t\t<div class=\"elementor-element elementor-element-0f20d85 elementor-widget elementor-widget-heading\" data-id=\"0f20d85\" data-element_type=\"widget\" data-e-type=\"widget\" data-widget_type=\"heading.default\">\n\t\t\t\t<div class=\"elementor-widget-container\">\n\t\t\t\t\t<h2 class=\"elementor-heading-title elementor-size-default\">Anerkanntes lokales Produkt<\/h2>\t\t\t\t<\/div>\n\t\t\t\t<\/div>\n\t\t\t\t<div class=\"elementor-element elementor-element-77deab6 elementor-widget elementor-widget-text-editor\" data-id=\"77deab6\" data-element_type=\"widget\" data-e-type=\"widget\" data-widget_type=\"text-editor.default\">\n\t\t\t\t<div class=\"elementor-widget-container\">\n\t\t\t\t\t\t\t\t\t<p>Livarvlees ist ein anerkanntes Limburger Regionalprodukt.<\/p>\t\t\t\t\t\t\t\t<\/div>\n\t\t\t\t<\/div>\n\t\t\t\t<div class=\"elementor-element elementor-element-8131d3f elementor-mobile-align-left elementor-widget elementor-widget-button\" data-id=\"8131d3f\" data-element_type=\"widget\" data-e-type=\"widget\" data-widget_type=\"button.default\">\n\t\t\t\t<div class=\"elementor-widget-container\">\n\t\t\t\t\t\t\t\t\t<div class=\"elementor-button-wrapper\">\n\t\t\t\t\t<a class=\"elementor-button elementor-button-link elementor-size-sm\" href=\"https:\/\/livar.nl\/wp-content\/uploads\/2024\/10\/Limburgs-streekproduct.pdf\" target=\"_blank\">\n\t\t\t\t\t\t<span class=\"elementor-button-content-wrapper\">\n\t\t\t\t\t\t\t\t\t<span class=\"elementor-button-text\">Zertifikat ansehen<\/span>\n\t\t\t\t\t<\/span>\n\t\t\t\t\t<\/a>\n\t\t\t\t<\/div>\n\t\t\t\t\t\t\t\t<\/div>\n\t\t\t\t<\/div>\n\t\t\t\t<\/div>\n\t\t\t\t<\/div>\n\t\t<div class=\"elementor-element elementor-element-5badeef e-con-full e-flex elementor-invisible e-con e-child\" data-id=\"5badeef\" data-element_type=\"container\" data-e-type=\"container\" data-settings=\"{&quot;animation&quot;:&quot;fadeInUp&quot;,&quot;animation_delay&quot;:200}\">\n\t\t<div class=\"elementor-element elementor-element-21e45d1 e-con-full e-flex e-con e-child\" data-id=\"21e45d1\" data-element_type=\"container\" data-e-type=\"container\" data-settings=\"{&quot;background_background&quot;:&quot;classic&quot;}\">\n\t\t\t\t<div class=\"elementor-element elementor-element-4fb3ca6 elementor-absolute elementor-widget elementor-widget-image\" data-id=\"4fb3ca6\" data-element_type=\"widget\" data-e-type=\"widget\" data-settings=\"{&quot;_position&quot;:&quot;absolute&quot;}\" data-widget_type=\"image.default\">\n\t\t\t\t<div class=\"elementor-widget-container\">\n\t\t\t\t\t\t\t\t\t\t\t\t\t\t\t<img decoding=\"async\" width=\"227\" height=\"255\" src=\"https:\/\/livar.nl\/wp-content\/uploads\/2025\/08\/Kiwa-FSSC-22000-logo-NL.jpg\" class=\"attachment-full size-full wp-image-7043\" alt=\"Kiwa FSSC 22000 logo\" srcset=\"https:\/\/livar.nl\/wp-content\/uploads\/2025\/08\/Kiwa-FSSC-22000-logo-NL.jpg 227w, https:\/\/livar.nl\/wp-content\/uploads\/2025\/08\/Kiwa-FSSC-22000-logo-NL-11x12.jpg 11w\" sizes=\"(max-width: 227px) 100vw, 227px\" \/>\t\t\t\t\t\t\t\t\t\t\t\t\t\t\t<\/div>\n\t\t\t\t<\/div>\n\t\t\t\t<div class=\"elementor-element elementor-element-964485f elementor-widget elementor-widget-heading\" data-id=\"964485f\" data-element_type=\"widget\" data-e-type=\"widget\" data-widget_type=\"heading.default\">\n\t\t\t\t<div class=\"elementor-widget-container\">\n\t\t\t\t\t<h2 class=\"elementor-heading-title elementor-size-default\">FSSC 22000<\/h2>\t\t\t\t<\/div>\n\t\t\t\t<\/div>\n\t\t\t\t<div class=\"elementor-element elementor-element-1122039 elementor-widget elementor-widget-text-editor\" data-id=\"1122039\" data-element_type=\"widget\" data-e-type=\"widget\" data-widget_type=\"text-editor.default\">\n\t\t\t\t<div class=\"elementor-widget-container\">\n\t\t\t\t\t\t\t\t\t<p>Wir nehmen Lebensmittelqualit\u00e4t und -sicherheit sehr ernst.<\/p>\t\t\t\t\t\t\t\t<\/div>\n\t\t\t\t<\/div>\n\t\t\t\t<div class=\"elementor-element elementor-element-309ab56 elementor-mobile-align-left elementor-widget elementor-widget-button\" data-id=\"309ab56\" data-element_type=\"widget\" data-e-type=\"widget\" data-widget_type=\"button.default\">\n\t\t\t\t<div class=\"elementor-widget-container\">\n\t\t\t\t\t\t\t\t\t<div class=\"elementor-button-wrapper\">\n\t\t\t\t\t<a class=\"elementor-button elementor-button-link elementor-size-sm\" href=\"https:\/\/livar.nl\/wp-content\/uploads\/2025\/07\/Livar-FSSC-certificate-2025.pdf\" target=\"_blank\">\n\t\t\t\t\t\t<span class=\"elementor-button-content-wrapper\">\n\t\t\t\t\t\t\t\t\t<span class=\"elementor-button-text\">Zertifikat ansehen<\/span>\n\t\t\t\t\t<\/span>\n\t\t\t\t\t<\/a>\n\t\t\t\t<\/div>\n\t\t\t\t\t\t\t\t<\/div>\n\t\t\t\t<\/div>\n\t\t\t\t<\/div>\n\t\t<div class=\"elementor-element elementor-element-9224ab6 e-con-full e-flex e-con e-child\" data-id=\"9224ab6\" data-element_type=\"container\" data-e-type=\"container\" data-settings=\"{&quot;background_background&quot;:&quot;classic&quot;}\">\n\t\t\t\t<div class=\"elementor-element elementor-element-38973b3 elementor-absolute elementor-widget elementor-widget-image\" data-id=\"38973b3\" data-element_type=\"widget\" data-e-type=\"widget\" data-settings=\"{&quot;_position&quot;:&quot;absolute&quot;}\" data-widget_type=\"image.default\">\n\t\t\t\t<div class=\"elementor-widget-container\">\n\t\t\t\t\t\t\t\t\t\t\t\t\t\t\t<img decoding=\"async\" src=\"https:\/\/livar.nl\/wp-content\/uploads\/elementor\/thumbs\/Leerbedrijf-qvl1hzy2jstfyp4zqvhynap6dbgkg0v82y93agmb4g.png\" title=\"Livar Ausbildungsbetrieb\" alt=\"Livar leerbedrijf\" loading=\"lazy\" \/>\t\t\t\t\t\t\t\t\t\t\t\t\t\t\t<\/div>\n\t\t\t\t<\/div>\n\t\t\t\t<div class=\"elementor-element elementor-element-89061a4 elementor-widget elementor-widget-heading\" data-id=\"89061a4\" data-element_type=\"widget\" data-e-type=\"widget\" data-widget_type=\"heading.default\">\n\t\t\t\t<div class=\"elementor-widget-container\">\n\t\t\t\t\t<h2 class=\"elementor-heading-title elementor-size-default\">Anerkanntes Ausbildungsunternehmen<\/h2>\t\t\t\t<\/div>\n\t\t\t\t<\/div>\n\t\t\t\t<div class=\"elementor-element elementor-element-63fb37a elementor-widget elementor-widget-text-editor\" data-id=\"63fb37a\" data-element_type=\"widget\" data-e-type=\"widget\" data-widget_type=\"text-editor.default\">\n\t\t\t\t<div class=\"elementor-widget-container\">\n\t\t\t\t\t\t\t\t\t<p>Wir bilden Fachleute aus.<\/p>\t\t\t\t\t\t\t\t<\/div>\n\t\t\t\t<\/div>\n\t\t\t\t<div class=\"elementor-element elementor-element-d0980e7 elementor-mobile-align-left elementor-widget elementor-widget-button\" data-id=\"d0980e7\" data-element_type=\"widget\" data-e-type=\"widget\" data-widget_type=\"button.default\">\n\t\t\t\t<div class=\"elementor-widget-container\">\n\t\t\t\t\t\t\t\t\t<div class=\"elementor-button-wrapper\">\n\t\t\t\t\t<a class=\"elementor-button elementor-button-link elementor-size-sm\" href=\"https:\/\/livar.nl\/wp-content\/uploads\/2024\/08\/Erkenning.png\" target=\"_blank\">\n\t\t\t\t\t\t<span class=\"elementor-button-content-wrapper\">\n\t\t\t\t\t\t\t\t\t<span class=\"elementor-button-text\">Zertifikat ansehen<\/span>\n\t\t\t\t\t<\/span>\n\t\t\t\t\t<\/a>\n\t\t\t\t<\/div>\n\t\t\t\t\t\t\t\t<\/div>\n\t\t\t\t<\/div>\n\t\t\t\t<\/div>\n\t\t\t\t<\/div>\n\t\t\t\t\t<\/div>\n\t\t\t\t<\/div>\n\t\t\t\t<\/div>","protected":false},"excerpt":{"rendered":"<p>Onze certificaten Onze certificaten zijn het bewijs van toewijding aan dierenwelzijn, streekgebondenheid, voedselveiligheid en educatie. Ze garanderen dat ons vlees tot stand komt volgens de hoogste norm in de branche en met de juiste vakkennis wordt verwerkt. Deze pagina bevat een overzicht van de certificaten die wij met trots bezitten, zodat onze klanten verzekerd zijn [&hellip;]<\/p>\n","protected":false},"author":2,"featured_media":0,"parent":0,"menu_order":0,"comment_status":"closed","ping_status":"closed","template":"","meta":{"_acf_changed":false,"footnotes":""},"class_list":["post-1076","page","type-page","status-publish","hentry"],"acf":[],"_links":{"self":[{"href":"https:\/\/livar.nl\/de\/wp-json\/wp\/v2\/pages\/1076","targetHints":{"allow":["GET"]}}],"collection":[{"href":"https:\/\/livar.nl\/de\/wp-json\/wp\/v2\/pages"}],"about":[{"href":"https:\/\/livar.nl\/de\/wp-json\/wp\/v2\/types\/page"}],"author":[{"embeddable":true,"href":"https:\/\/livar.nl\/de\/wp-json\/wp\/v2\/users\/2"}],"replies":[{"embeddable":true,"href":"https:\/\/livar.nl\/de\/wp-json\/wp\/v2\/comments?post=1076"}],"version-history":[{"count":78,"href":"https:\/\/livar.nl\/de\/wp-json\/wp\/v2\/pages\/1076\/revisions"}],"predecessor-version":[{"id":7700,"href":"https:\/\/livar.nl\/de\/wp-json\/wp\/v2\/pages\/1076\/revisions\/7700"}],"wp:attachment":[{"href":"https:\/\/livar.nl\/de\/wp-json\/wp\/v2\/media?parent=1076"}],"curies":[{"name":"wp","href":"https:\/\/api.w.org\/{rel}","templated":true}]}}