{"id":1069,"date":"2024-08-30T19:29:45","date_gmt":"2024-08-30T19:29:45","guid":{"rendered":"https:\/\/livar.nl\/?page_id=1069"},"modified":"2025-07-07T09:27:40","modified_gmt":"2025-07-07T08:27:40","slug":"privacyverklaring","status":"publish","type":"page","link":"https:\/\/livar.nl\/de\/privacyverklaring\/","title":{"rendered":"Erkl\u00e4rung zum Datenschutz"},"content":{"rendered":"<div data-elementor-type=\"wp-page\" data-elementor-id=\"1069\" class=\"elementor elementor-1069\" data-elementor-post-type=\"page\">\n\t\t\t\t<div class=\"elementor-element elementor-element-bfedd94 e-flex e-con-boxed e-con e-parent\" data-id=\"bfedd94\" data-element_type=\"container\" data-e-type=\"container\" data-settings=\"{&quot;background_background&quot;:&quot;classic&quot;}\">\n\t\t\t\t\t<div class=\"e-con-inner\">\n\t\t\t\t<div class=\"elementor-element elementor-element-a4764b5 elementor-widget__width-initial elementor-widget elementor-widget-heading\" data-id=\"a4764b5\" data-element_type=\"widget\" data-e-type=\"widget\" data-widget_type=\"heading.default\">\n\t\t\t\t<div class=\"elementor-widget-container\">\n\t\t\t\t\t<h1 class=\"elementor-heading-title elementor-size-default\">Erkl\u00e4rung zum Datenschutz<\/h1>\t\t\t\t<\/div>\n\t\t\t\t<\/div>\n\t\t\t\t<div class=\"elementor-element elementor-element-fc88d5c elementor-widget elementor-widget-spacer\" data-id=\"fc88d5c\" data-element_type=\"widget\" data-e-type=\"widget\" data-widget_type=\"spacer.default\">\n\t\t\t\t<div class=\"elementor-widget-container\">\n\t\t\t\t\t\t\t<div class=\"elementor-spacer\">\n\t\t\t<div class=\"elementor-spacer-inner\"><\/div>\n\t\t<\/div>\n\t\t\t\t\t\t<\/div>\n\t\t\t\t<\/div>\n\t\t\t\t\t<\/div>\n\t\t\t\t<\/div>\n\t\t<div class=\"elementor-element elementor-element-e2682d2 e-flex e-con-boxed e-con e-parent\" data-id=\"e2682d2\" data-element_type=\"container\" data-e-type=\"container\">\n\t\t\t\t\t<div class=\"e-con-inner\">\n\t\t\t\t<div class=\"elementor-element elementor-element-8a46978 elementor-widget elementor-widget-heading\" data-id=\"8a46978\" data-element_type=\"widget\" data-e-type=\"widget\" data-widget_type=\"heading.default\">\n\t\t\t\t<div class=\"elementor-widget-container\">\n\t\t\t\t\t<h2 class=\"elementor-heading-title elementor-size-default\">Datenschutzbestimmungen Livar BV<\/h2>\t\t\t\t<\/div>\n\t\t\t\t<\/div>\n\t\t\t\t<div class=\"elementor-element elementor-element-7f2183c elementor-widget elementor-widget-text-editor\" data-id=\"7f2183c\" data-element_type=\"widget\" data-e-type=\"widget\" data-widget_type=\"text-editor.default\">\n\t\t\t\t<div class=\"elementor-widget-container\">\n\t\t\t\t\t\t\t\t\t<p><strong>Version 0.2<\/strong><br \/><strong>Diese Seite wurde zuletzt am 14-09-2021 ge\u00e4ndert.<\/strong><\/p><p>Wir sind uns bewusst, dass Sie uns Ihr Vertrauen schenken. Wir sehen es daher als unsere Verantwortung an, Ihre Privatsph\u00e4re zu sch\u00fctzen. (Pers\u00f6nliche) Daten werden daher von uns sorgf\u00e4ltig verarbeitet und gesichert. Auf dieser Seite informieren wir Sie dar\u00fcber, welche Daten wir bei der Nutzung unserer Website erheben, warum wir diese Daten erheben und wie wir sie nutzen, um Ihr Nutzererlebnis zu verbessern. So verstehen Sie genau, wie wir arbeiten.<\/p><p>Diese Datenschutzpolitik gilt f\u00fcr die Dienstleistungen von Livar BV, die rechtlich unter der Einheit Livar BV fallen. Sie sollten sich dar\u00fcber im Klaren sein, dass Livar BV nicht f\u00fcr die Datenschutzpolitik anderer Websites und Quellen verantwortlich ist. Durch die Nutzung dieser Website erkl\u00e4ren Sie Ihr Einverst\u00e4ndnis mit der Datenschutzpolitik.<\/p><p>Livar BV respektiert die Privatsph\u00e4re aller Nutzer seiner Website und sorgt daf\u00fcr, dass die pers\u00f6nlichen Daten, die Sie uns zur Verf\u00fcgung stellen, vertraulich behandelt werden.<\/p><p><strong>Verarbeitung von personenbezogenen Daten<\/strong><\/p><p>Livar kann Ihre personenbezogenen Daten verarbeiten, weil Sie unsere Dienstleistungen nutzen und\/oder weil Sie uns diese Daten selbst zur Verf\u00fcgung stellen. Sie stellen uns beispielsweise Ihre Kontaktdaten zur Verf\u00fcgung, wenn Sie mit uns kommunizieren m\u00f6chten, wenn Sie weitere Informationen \u00fcber unsere Dienstleistungen erhalten m\u00f6chten, wenn Sie unseren Newsletter abonnieren m\u00f6chten, wenn Sie sich f\u00fcr eine Stelle in unserer Organisation bewerben m\u00f6chten oder wenn Sie mit uns Gesch\u00e4fte machen m\u00f6chten. Wir verarbeiten diese personenbezogenen Daten dann, um unsere Dienstleistungen zu erbringen und\/oder Sie zu informieren. Ohne diese personenbezogenen Daten ist es uns nicht m\u00f6glich, unsere Dienstleistungen zu erbringen und\/oder Sie zu informieren. Wir verwenden Ihre personenbezogenen Daten ausschlie\u00dflich zur Bearbeitung Ihrer Anfrage. Die Daten werden auf den eigenen sicheren Servern von Livar BV oder auf denen eines Dritten gespeichert. Wir werden diese Daten nicht mit anderen personenbezogenen Daten in unserem Besitz kombinieren.<\/p><p>M\u00f6glicherweise erhalten wir auch Informationen, die sich indirekt auf Sie beziehen, \u00fcber einen Dritten. Wenn wir dies tun, bitten wir den betreffenden Dritten zu garantieren, dass die Informationen von ihm auf rechtm\u00e4\u00dfige Weise erhalten wurden und dass wir das Recht haben, diese Informationen von ihm zu erhalten und zu verwenden.<\/p><p>Dar\u00fcber hinaus sind wir an Daten interessiert, die etwas \u00fcber die Nutzung unserer Website aussagen, z. B. die Anzahl der Besucher in einem bestimmten Zeitraum, aus welchen L\u00e4ndern unsere Besucher kommen und welche Seiten am h\u00e4ufigsten aufgerufen werden. Zu diesem Zweck k\u00f6nnen wir Ihre IP-Adresse und Ihren Domainnamen registrieren. Um die Einrichtungen und Funktionen an die Ausr\u00fcstung des Nutzers anzupassen, erfassen wir auch den Typ des Browsers, den Sie f\u00fcr den Zugriff auf unsere Website verwenden. Die gewonnenen Informationen sind Eigentum von Livar.<\/p><p><strong>Kommunikation<\/strong><\/p><p>Wenn Sie uns E-Mails oder andere Nachrichten schicken, k\u00f6nnen wir diese Nachrichten speichern. Manchmal werden wir Sie um Ihre pers\u00f6nlichen Daten bitten, die f\u00fcr die jeweilige Situation relevant sind. Dies erm\u00f6glicht uns, Ihre Fragen zu bearbeiten und Ihre W\u00fcnsche zu erf\u00fcllen. Die Daten werden auf den eigenen sicheren Servern von Livar BV oder auf denen von Drittanbietern gespeichert. Wir werden diese Daten nicht mit anderen pers\u00f6nlichen Daten in unserem Besitz kombinieren.<\/p><p><strong>Cookies<\/strong><\/p><p>Wir sammeln Daten zu Forschungszwecken, um unsere Kunden besser zu verstehen, damit wir unsere Dienstleistungen entsprechend anpassen k\u00f6nnen.<\/p><p>Dies erfordert die Verwendung von funktionalen Cookies. Ein Cookie ist eine einfache kleine Datei, die mit den Seiten dieser Website verschickt und von Ihrem Browser auf der Festplatte Ihres Computers gespeichert wird. Wir verwenden Cookies, um Ihre Einstellungen und Pr\u00e4ferenzen zu speichern. Sie k\u00f6nnen diese Cookies \u00fcber Ihren Browser deaktivieren. Wie Sie dies tun k\u00f6nnen, ist von Browser zu Browser unterschiedlich, bitte konsultieren Sie die Hilfefunktion Ihres Browsers. Sie k\u00f6nnen Ihren Browser auch so einstellen, dass er keine Cookies empf\u00e4ngt; dies schr\u00e4nkt jedoch die Benutzerfreundlichkeit der Website ein. \u00dcber unsere Website werden auch Cookies von dem amerikanischen Unternehmen Google im Rahmen des Dienstes \"Analytics\" gesetzt. Wir nutzen diesen Dienst, um zu verfolgen und Berichte dar\u00fcber zu erhalten, wie Besucher die Website nutzen. Google kann diese Informationen an Dritte weitergeben, wenn Google dazu gesetzlich verpflichtet ist oder soweit diese Dritten die Informationen im Auftrag von Google verarbeiten. Wir haben hierauf keinen Einfluss.<\/p><p><strong>Verwendung von personenbezogenen Daten<\/strong><\/p><p>Livar sammelt und verwendet Ihre pers\u00f6nlichen Daten, um die von Ihnen angeforderten Informationen, Dienstleistungen und Services zu liefern und um die Website zu verwalten. Livar kann Ihre pers\u00f6nlichen Daten auch verwenden, um Sie \u00fcber Livar-Dienste zu informieren. Wir k\u00f6nnen Ihre personenbezogenen Daten auch f\u00fcr Forschungs- und Analysezwecke nutzen, um unsere Website und unsere Dienstleistungen zu verbessern.<\/p><p>Livar ben\u00f6tigt eine Rechtsgrundlage f\u00fcr die Verarbeitung Ihrer personenbezogenen Daten. Livar verarbeitet Ihre personenbezogenen Daten auf der Grundlage von Verarbeitungsgr\u00fcnden wie der Erf\u00fcllung eines Vertrags, auf der Grundlage einer rechtlichen Verpflichtung oder aufgrund Ihrer Einwilligung. Im Falle einer Einwilligung haben Sie das Recht, diese jederzeit zu widerrufen.<\/p><p>Ihre Privatsph\u00e4re wird von allen unseren Mitarbeitern respektiert. Informationen und pers\u00f6nliche Daten werden vertraulich behandelt, auch von Dritten, die f\u00fcr die Sicherheit Ihrer Datenspeicherung verantwortlich sind, und werden nicht f\u00fcr andere als die angegebenen Zwecke verwendet.<\/p><p><strong>Weitergabe an Dritte<\/strong><\/p><p>Livar verkauft, vermietet oder verleast keine Kundenlisten an Dritte. Livar wird Ihre pers\u00f6nlichen Daten niemals ohne Vorank\u00fcndigung weitergeben, es sei denn, dies ist gesetzlich vorgeschrieben oder in gutem Glauben, dass eine solche Ma\u00dfnahme notwendig ist, um:<\/p><p>- einem rechtlichen Ersuchen nachzukommen; oder<br \/>- um die Rechte oder das Eigentum von Livar zu sch\u00fctzen und zu verteidigen; oder<br \/>- unter dringenden Umst\u00e4nden handeln, um die pers\u00f6nliche Sicherheit der Nutzer von Livar oder der \u00d6ffentlichkeit zu sch\u00fctzen.<\/p><p><br \/>Allerdings k\u00f6nnen die von Ihnen zur Verf\u00fcgung gestellten personenbezogenen Daten in einigen F\u00e4llen von Dritten verarbeitet werden. So kann Livar beispielsweise einen Lieferanten mit der Durchf\u00fchrung von Verwaltungs- und Betriebsarbeiten beauftragen, um unsere Beziehung zu Ihnen zu unterst\u00fctzen. Diese Dienstleister sind vertraglich und anderweitig gesetzlich verpflichtet, Ihre personenbezogenen Daten vertraulich zu behandeln und Ihre Privatsph\u00e4re zu respektieren. Sie haben daher nur Zugang zu den personenbezogenen Daten, die sie zur Durchf\u00fchrung ihrer Arbeit ben\u00f6tigen. Falls erforderlich, schlie\u00dfen wir mit diesen Dritten einen Verarbeitungsvertrag ab.<\/p><p><strong>Aufbewahrung von personenbezogenen Daten<\/strong><\/p><p>Das Grundprinzip f\u00fcr die Speicherung personenbezogener Daten ist, dass alle Daten nicht l\u00e4nger als n\u00f6tig aufbewahrt werden sollten. Livar speichert daher personenbezogene Daten nur so lange, wie es f\u00fcr die Erreichung der Zwecke, f\u00fcr die die Daten erhoben wurden, unbedingt erforderlich ist. Ausnahmen sind Daten, die wir l\u00e4nger aufbewahren m\u00fcssen, weil wir gesetzlich dazu verpflichtet sind.<\/p><p><strong>Sicherheit personenbezogener Daten<\/strong><\/p><p>Livar sorgt f\u00fcr eine angemessene organisatorische, technische und physische Sicherheit Ihrer personenbezogenen Daten. Livar speichert die von Ihnen zur Verf\u00fcgung gestellten personenbezogenen Daten auf Computerservern in einer kontrollierten, sicheren Umgebung, die vor unbefugtem Zugriff, unbefugter Nutzung und unbefugter Offenlegung gesch\u00fctzt ist.<\/p><p><strong>Automatisierte Entscheidungsfindung<\/strong><\/p><p>Livar trifft keine Entscheidungen \u00fcber Angelegenheiten, die (erhebliche) Auswirkungen auf den Einzelnen haben k\u00f6nnten, auf der Grundlage einer automatisierten Verarbeitung.<\/p><p><strong>Ihre Rechte<\/strong><\/p><p>Zu Ihren Rechten geh\u00f6ren das Recht auf Auskunft, Einsichtnahme oder Berichtigung, L\u00f6schung, Einschr\u00e4nkung der Verarbeitung oder das Recht auf Daten\u00fcbertragbarkeit.<\/p><p>Wenn Sie Ihre Rechte nutzen m\u00f6chten, k\u00f6nnen Sie eine spezifische Anfrage an info@livar.nl senden. Um sicherzustellen, dass die Anfrage zur Einsichtnahme von Ihnen gestellt wurde, bitten wir Sie, eine Kopie Ihres Ausweises mit der Anfrage zu senden. Schw\u00e4rzen Sie auf dieser Kopie das Passfoto, die MRZ (maschinenlesbare Zone, der Streifen mit Nummern am unteren Rand des Reisepasses), die Passnummer und die B\u00fcrgerservicenummer (BSN). Dies zum Schutz Ihrer Privatsph\u00e4re. Livar wird so schnell wie m\u00f6glich, aber auf jeden Fall innerhalb von vier Wochen, auf Ihre Anfrage antworten.<\/p><p><strong>\u00c4nderung der Datenschutzerkl\u00e4rung<\/strong><\/p><p>Diese Datenschutzerkl\u00e4rung kann sich \u00e4ndern. Livar wird die Datenschutzerkl\u00e4rung gelegentlich aktualisieren, um R\u00fcckmeldungen von Unternehmen und Kunden zu ber\u00fccksichtigen. Livar fordert Sie auf, diese Erkl\u00e4rung regelm\u00e4\u00dfig zu \u00fcberpr\u00fcfen, um sich dar\u00fcber zu informieren, wie Livar Ihre Daten sch\u00fctzt.<\/p><p><strong>Anpassen\/Abbestellen des Newsletter-Dienstes<\/strong><\/p><p>Am Ende jedes Mailings finden Sie die M\u00f6glichkeit, Ihre Angaben zu bearbeiten oder sich abzumelden.<\/p><p><strong>Kommunikation anpassen\/abbestellen<\/strong><\/p><p>Wenn Sie Ihre Daten \u00e4ndern oder aus unseren Dateien l\u00f6schen lassen m\u00f6chten, wenden Sie sich bitte an uns. Siehe Kontaktdaten unten.<\/p><p><strong>Fragen und Feedback<\/strong><\/p><p>Wir \u00fcberpr\u00fcfen regelm\u00e4\u00dfig, ob wir dieses Datenschutzrichtlinie erf\u00fcllen. Wenn Sie Fragen zu diesem Datenschutzrichtlinie haben, k\u00f6nnen Sie uns unter info@livar.nl kontaktieren oder 088-5482783 anrufen.<\/p>\t\t\t\t\t\t\t\t<\/div>\n\t\t\t\t<\/div>\n\t\t\t\t\t<\/div>\n\t\t\t\t<\/div>\n\t\t\t\t<\/div>","protected":false},"excerpt":{"rendered":"<p>Privacybeleid Livar BV Versie 0.2Deze pagina is voor het laatst aangepast op 14-09-2021. Wij zijn er van bewust dat u vertrouwen stelt in ons. Wij zien het dan ook als onze verantwoordelijkheid om uw privacy te beschermen. (Persoons)gegevens worden door ons dan ook zorgvuldig verwerkt en beveiligd. Op deze pagina laten we u weten welke [&hellip;]<\/p>\n","protected":false},"author":2,"featured_media":0,"parent":0,"menu_order":0,"comment_status":"closed","ping_status":"closed","template":"","meta":{"_acf_changed":false,"footnotes":""},"class_list":["post-1069","page","type-page","status-publish","hentry"],"acf":[],"_links":{"self":[{"href":"https:\/\/livar.nl\/de\/wp-json\/wp\/v2\/pages\/1069","targetHints":{"allow":["GET"]}}],"collection":[{"href":"https:\/\/livar.nl\/de\/wp-json\/wp\/v2\/pages"}],"about":[{"href":"https:\/\/livar.nl\/de\/wp-json\/wp\/v2\/types\/page"}],"author":[{"embeddable":true,"href":"https:\/\/livar.nl\/de\/wp-json\/wp\/v2\/users\/2"}],"replies":[{"embeddable":true,"href":"https:\/\/livar.nl\/de\/wp-json\/wp\/v2\/comments?post=1069"}],"version-history":[{"count":23,"href":"https:\/\/livar.nl\/de\/wp-json\/wp\/v2\/pages\/1069\/revisions"}],"predecessor-version":[{"id":6382,"href":"https:\/\/livar.nl\/de\/wp-json\/wp\/v2\/pages\/1069\/revisions\/6382"}],"wp:attachment":[{"href":"https:\/\/livar.nl\/de\/wp-json\/wp\/v2\/media?parent=1069"}],"curies":[{"name":"wp","href":"https:\/\/api.w.org\/{rel}","templated":true}]}}